{"id":471,"date":"2018-08-09T12:19:23","date_gmt":"2018-08-09T10:19:23","guid":{"rendered":"http:\/\/www.gnk.gov.gr\/?page_id=471"},"modified":"2021-03-24T10:50:19","modified_gmt":"2021-03-24T08:50:19","slug":"ta-kithira","status":"publish","type":"page","link":"https:\/\/gnk.gov.gr\/fr\/about\/ta-kithira\/","title":{"rendered":"Le Cyth\u00e8re"},"content":{"rendered":"<h1 style=\"text-align: center;\">Cyth\u00e8re, l\u2019\u00eele d\u2019Amour selon Platon<\/h1>\n<p>&nbsp;<\/p>\n<p>&nbsp;<\/p>\n<h2 style=\"text-align: left;\"><span style=\"color: #d4784a;\"><strong>1. Bienvenue sur l\u2019\u00eele<\/strong><\/span><\/h2>\n<p style=\"text-align: left;\">Situ\u00e9e au nord-ouest de la Cr\u00e8te, Cyth\u00e8re constitue l\u2019une des sept \u00eeles ioniennes. Son administration, cependant, appartient \u00e0 la r\u00e9gion de l\u2019Attique, puisque les affaires administratives et fiscales sont r\u00e9gl\u00e9es principalement au Pir\u00e9e. L\u2019\u00eele est peu peupl\u00e9e, comptant jusqu\u2019\u00e0 environ 4000 \u00e0 5000 habitants. Pendant l\u2019\u00e9t\u00e9, l\u2019\u00eele bouillonne de vie gr\u00e2ce aux nombreux touristes qui la visitent.<\/p>\n<p>&nbsp;<\/p>\n<h2 style=\"text-align: left;\"><span style=\"color: #d4784a;\"><strong>2. \u00c9tymologie<\/strong><\/span><\/h2>\n<p style=\"text-align: left;\" class=\"translation-block\">Selon Platon, Cyth\u00e8re \u00e9tait l\u2019\u00eele d\u2019Aphrodite c\u00e9leste, d\u00e9esse de l\u2019Amour. Hom\u00e8re fait r\u00e9f\u00e9rence \u00e0 Cyth\u00e8re dans son po\u00e8me \u00e9pique \u00abL\u2019Iliade\u00bb, tandis que d\u2019autres \u00e9crivains grecs anciens associent fortement la d\u00e9esse Aphrodite \u00e0 l\u2019\u00eele, en l\u2019appelant Aphrodite Cyth\u00e9r\u00e9e (Acyth\u00e9ros est une personne d\u00e9pourvue de tout attrait et attraction). Isidore, d\u2019autre part, pr\u00e9tend que l\u2019\u00eele a \u00e9t\u00e9 nomm\u00e9e d\u2019apr\u00e8s l\u2019 Aphrodite Cyth\u00e9r\u00e9e et non l\u2019inverse. Il est le tout premier qui explique le sens du verbe \u00abkeftho\u00bb et le relie \u00e0 l\u2019\u00eele et \u00e0 la d\u00e9esse. \u00abKeftho\u00bb signifie cacher l\u2019Amour, car ceux qui font l\u2019amour sur l\u2019\u00eele de Cyth\u00e8re d\u00e9couvrent leur passion cach\u00e9e. D\u2019autres \u00e9crivains importants de l\u2019Antiquit\u00e9, comme H\u00e9rodote, Dionysos, Aristote et X\u00e9nophon, mentionnent l\u2019existence d\u2019une \u00eele nomm\u00e9e Cyth\u00e8re dans leurs travaux.<\/p>\n<p>&nbsp;<\/p>\n<h2 style=\"text-align: left;\"><span style=\"color: #d4784a;\"><strong>3. Faits mythologiques<\/strong><\/span><\/h2>\n<p style=\"text-align: left;\">Selon la mythologie grecque, la naissance d\u2019Aphrodite a d\u00e9fini l\u2019avenir de l\u2019\u00eele. Dans la Th\u00e9ogonie de Hesiod, lorsque Cronus castrera Uranus (Ciel), ses organes g\u00e9nitaux tomb\u00e8rent dans les eaux de Cyth\u00e8re et, des mousses marines, Aphrodite \u00e9mergea. Puis les courants marins l\u2019ont conduite \u00e0 Paphos, \u00e0 Chypre, o\u00f9 la d\u00e9esse a \u00e9t\u00e9 v\u00e9n\u00e9r\u00e9e et d\u00e9clar\u00e9e d\u00e9esse-patronne de l\u2019\u00eele. La d\u00e9esse a donc \u00e9t\u00e9 nomm\u00e9e Cyth\u00e9r\u00e9e, du nom de l\u2019\u00eele. A ce stade, il convient de mentionner que Cyth\u00e8re a obtenu la caract\u00e9risation hom\u00e9rique zath\u00e9e, c\u2019est-\u00e0-dire l\u2019\u00eele sacr\u00e9e et divine, puisque le tout premier temple d\u00e9di\u00e9 \u00e0 Aphrodite y a \u00e9t\u00e9 construit.<\/p>\n<p>&nbsp;<\/p>\n<h2 style=\"text-align: left;\"><span style=\"color: #d4784a;\"><strong>4. Les transports<\/strong><\/span><\/h2>\n<p style=\"text-align: left;\">L\u2019\u00eele dispose d\u2019un a\u00e9roport modernis\u00e9 (A\u00e9roport National Alexandros Aristotelous Onassis). Olympic Air et Sky Express exploitent toutes deux des vols r\u00e9guliers \u00e0 destination et en provenance d\u2019Ath\u00e8nes tout au long de l\u2019ann\u00e9e. Les vols durent 30 minutes et de bonnes offres de billets peuvent \u00eatre trouv\u00e9es, surtout pendant la basse saison. En outre, il existe des liaisons maritimes c\u00f4ti\u00e8res au d\u00e9part et \u00e0 destination des ports du Pir\u00e9e et de Kasteli (Cr\u00e8te). Il y a aussi des ferries pour Kalamata, Gythio et, tous les jours, pour Neapoli.<\/p>\n<p>&nbsp;<\/p>\n<p><img loading=\"lazy\" decoding=\"async\" class=\"aligncenter size-full wp-image-486\" src=\"https:\/\/www.gnk.gov.gr\/wp-content\/uploads\/2018\/08\/AERODROMIO-LIMANI.png\" alt=\"\" width=\"570\" height=\"831\" srcset=\"https:\/\/gnk.gov.gr\/wp-content\/uploads\/2018\/08\/AERODROMIO-LIMANI.png 570w, https:\/\/gnk.gov.gr\/wp-content\/uploads\/2018\/08\/AERODROMIO-LIMANI-206x300.png 206w\" sizes=\"auto, (max-width: 570px) 100vw, 570px\" \/><\/p>\n<p>&nbsp;<\/p>\n<h2><span style=\"color: #d4784a;\"><strong>5. La vie sur Cyth\u00e8re<\/strong><\/span><\/h2>\n<p>Cyth\u00e8re est pleine de restaurants, de tavernes, d\u2019\u00e9v\u00e9nements musicaux, de bars, de caf\u00e9s traditionnels et de boutiques. Vous pouvez prendre des cours de beaux-arts, de musique, de danse et de chant ou vous joindre au groupe de th\u00e9\u00e2tre local, \u00e0 la chorale, \u00e0 l\u2019orchestre philharmonique ou au conservatoire. En ce qui concerne l\u2019activit\u00e9 physique, les clubs sportifs et les gymnases locaux offrent des cours d\u2019arts martiaux (a\u00efkido, kenpo, kick boxing), de yoga et de pilates. Vous pouvez \u00e9galement participer \u00e0 des activit\u00e9s de groupe en plein air, comme le canyoning, le v\u00e9lo, la randonn\u00e9e p\u00e9destre, etc. En ce qui concerne l\u2019\u00e9ducation, il existe des cr\u00e8ches, des \u00e9coles primaires et une \u00e9cole secondaire, ainsi que des cours extrascolaires (collectifs et priv\u00e9s) de langues \u00e9trang\u00e8res et de mati\u00e8res scolaires.<\/p>\n<p>&nbsp;<\/p>\n<h2><span style=\"color: #d4784a;\"><strong>6. Attraits \u00e0 ne pas manquer<\/strong><\/span><\/h2>\n<p>Il y a un grand nombre d\u2019attractions sur l\u2019\u00eele : villages traditionnels avec une architecture unique, grottes, ch\u00e2teaux, b\u00e2timents m\u00e9di\u00e9vaux, cascades, ports pittoresques, monast\u00e8res au sommet des montagnes, petites \u00e9glises, march\u00e9s ext\u00e9rieurs traditionnels, gorges, etc.<\/p>","protected":false},"excerpt":{"rendered":"<p>\u039a\u03a5\u0398\u0397\u03a1\u0391, \u03c4\u03bf \u2018\u03ba\u03b1\u03c4\u03ac \u03a0\u03bb\u03ac\u03c4\u03c9\u03bd\u03b1\u2019 \u03bd\u03b7\u03c3\u03af \u03c4\u03bf\u03c5 \u0388\u03c1\u03c9\u03c4\u03b1 &nbsp; &nbsp; 1. \u0393\u03b5\u03bd\u03b9\u03ba\u03ac \u03a4\u03b1 \u039a\u03cd\u03b8\u03b7\u03c1\u03b1, \u03ad\u03c7\u03bf\u03c5\u03bd \u03c0\u03bb\u03b7\u03b8\u03c5\u03c3\u03bc\u03cc \u03c0\u03b5\u03c1\u03af \u03c4\u03c9\u03bd 4000-5000 \u03ba\u03b1\u03c4\u03bf\u03af\u03ba\u03c9\u03bd \u03ba\u03b1\u03c4\u03ac \u03c4\u03bf\u03c5\u03c2 \u03c7\u03b5\u03b9\u03bc\u03b5\u03c1\u03b9\u03bd\u03bf\u03cd\u03c2 \u03bc\u03ae\u03bd\u03b5\u03c2, \u03bf \u03bf\u03c0\u03bf\u03af\u03bf\u03c2 \u03c0\u03bf\u03bb\u03bb\u03b1\u03c0\u03bb\u03b1\u03c3\u03b9\u03ac\u03b6\u03b5\u03c4\u03b1\u03b9 \u03c4\u03bf\u03c5\u03c2 \u03ba\u03b1\u03bb\u03bf\u03ba\u03b1\u03b9\u03c1\u03b9\u03bd\u03bf\u03cd\u03c2. \u0391\u03bd\u03ae\u03ba\u03bf\u03c5\u03bd \u03b4\u03b9\u03bf\u03b9\u03ba\u03b7\u03c4\u03b9\u03ba\u03ac \u03c3\u03c4\u03b7 \u03a0\u03b5\u03c1\u03b9\u03c6\u03ad\u03c1\u03b5\u03b9\u03b1 \u0391\u03c4\u03c4\u03b9\u03ba\u03ae\u03c2. \u0395\u03af\u03bd\u03b1\u03b9 \u03c7\u03b1\u03c1\u03b1\u03ba\u03c4\u03b7\u03c1\u03b9\u03c3\u03c4\u03b9\u03ba\u03cc \u03cc\u03c4\u03b9 \u03b4\u03b9\u03b5\u03ba\u03c0\u03b5\u03c1\u03b1\u03af\u03c9\u03c3\u03b7 \u03c0\u03bb\u03ae\u03b8\u03bf\u03c5\u03c2 \u03c5\u03c0\u03bf\u03b8\u03ad\u03c3\u03b5\u03c9\u03bd \u03ba\u03b1\u03b9 \u03b8\u03b5\u03bc\u03ac\u03c4\u03c9\u03bd \u03c0\u03c1\u03b1\u03b3\u03bc\u03b1\u03c4\u03bf\u03c0\u03bf\u03b9\u03b5\u03af\u03c4\u03b1\u03b9 \u03c3\u03c4\u03bf \u03a0\u03b5\u03b9\u03c1\u03b1\u03b9\u03ac \u03ba\u03b1\u03b9 \u03b3\u03b5\u03bd\u03b9\u03ba\u03cc\u03c4\u03b5\u03c1\u03b1 \u03c3\u03c4\u03b7\u03bd \u0391\u03c4\u03c4\u03b9\u03ba\u03ae (\u03b5\u03c6\u03bf\u03c1\u03b5\u03af\u03b1, \u0399\u039a\u0391, \u03c0\u03bf\u03bb\u03b5\u03bf\u03b4\u03bf\u03bc\u03af\u03b1, \u03b1\u03c1\u03c7\u03b1\u03b9\u03bf\u03bb\u03bf\u03b3\u03b9\u03ba\u03ad\u03c2 \u03c5\u03c0\u03b7\u03c1\u03b5\u03c3\u03af\u03b5\u03c2, \u03b4\u03b1\u03c3\u03b1\u03c1\u03c7\u03b5\u03af\u03bf, \u03c5\u03b3\u03b5\u03b9\u03bf\u03bd\u03bf\u03bc\u03b9\u03ba\u03ad\u03c2&hellip;<\/p>","protected":false},"author":1,"featured_media":0,"parent":8,"menu_order":1,"comment_status":"closed","ping_status":"closed","template":"","meta":{"footnotes":""},"class_list":["post-471","page","type-page","status-publish","hentry"],"yoast_head":"<!-- This site is optimized with the Yoast SEO plugin v27.0 - https:\/\/yoast.com\/product\/yoast-seo-wordpress\/ -->\n<title>\u03a4\u03b1 \u039a\u03cd\u03b8\u03b7\u03c1\u03b1<\/title>\n<meta name=\"robots\" content=\"index, follow, max-snippet:-1, max-image-preview:large, max-video-preview:-1\" \/>\n<link rel=\"canonical\" href=\"https:\/\/gnk.gov.gr\/fr\/about\/ta-kithira\/\" \/>\n<meta property=\"og:locale\" content=\"fr_FR\" \/>\n<meta property=\"og:locale:alternate\" content=\"en_US\" \/>\n<meta property=\"og:locale:alternate\" content=\"de_DE\" \/>\n<meta property=\"og:type\" content=\"article\" \/>\n<meta property=\"og:title\" content=\"\u03a4\u03b1 \u039a\u03cd\u03b8\u03b7\u03c1\u03b1\" \/>\n<meta property=\"og:description\" content=\"\u039a\u03a5\u0398\u0397\u03a1\u0391, \u03c4\u03bf \u2018\u03ba\u03b1\u03c4\u03ac \u03a0\u03bb\u03ac\u03c4\u03c9\u03bd\u03b1\u2019 \u03bd\u03b7\u03c3\u03af \u03c4\u03bf\u03c5 \u0388\u03c1\u03c9\u03c4\u03b1 &nbsp; &nbsp; 1. \u0393\u03b5\u03bd\u03b9\u03ba\u03ac \u03a4\u03b1 \u039a\u03cd\u03b8\u03b7\u03c1\u03b1, \u03ad\u03c7\u03bf\u03c5\u03bd \u03c0\u03bb\u03b7\u03b8\u03c5\u03c3\u03bc\u03cc \u03c0\u03b5\u03c1\u03af \u03c4\u03c9\u03bd 4000-5000 \u03ba\u03b1\u03c4\u03bf\u03af\u03ba\u03c9\u03bd \u03ba\u03b1\u03c4\u03ac \u03c4\u03bf\u03c5\u03c2 \u03c7\u03b5\u03b9\u03bc\u03b5\u03c1\u03b9\u03bd\u03bf\u03cd\u03c2 \u03bc\u03ae\u03bd\u03b5\u03c2, \u03bf \u03bf\u03c0\u03bf\u03af\u03bf\u03c2 \u03c0\u03bf\u03bb\u03bb\u03b1\u03c0\u03bb\u03b1\u03c3\u03b9\u03ac\u03b6\u03b5\u03c4\u03b1\u03b9 \u03c4\u03bf\u03c5\u03c2 \u03ba\u03b1\u03bb\u03bf\u03ba\u03b1\u03b9\u03c1\u03b9\u03bd\u03bf\u03cd\u03c2. \u0391\u03bd\u03ae\u03ba\u03bf\u03c5\u03bd \u03b4\u03b9\u03bf\u03b9\u03ba\u03b7\u03c4\u03b9\u03ba\u03ac \u03c3\u03c4\u03b7 \u03a0\u03b5\u03c1\u03b9\u03c6\u03ad\u03c1\u03b5\u03b9\u03b1 \u0391\u03c4\u03c4\u03b9\u03ba\u03ae\u03c2. \u0395\u03af\u03bd\u03b1\u03b9 \u03c7\u03b1\u03c1\u03b1\u03ba\u03c4\u03b7\u03c1\u03b9\u03c3\u03c4\u03b9\u03ba\u03cc \u03cc\u03c4\u03b9 \u03b4\u03b9\u03b5\u03ba\u03c0\u03b5\u03c1\u03b1\u03af\u03c9\u03c3\u03b7 \u03c0\u03bb\u03ae\u03b8\u03bf\u03c5\u03c2 \u03c5\u03c0\u03bf\u03b8\u03ad\u03c3\u03b5\u03c9\u03bd \u03ba\u03b1\u03b9 \u03b8\u03b5\u03bc\u03ac\u03c4\u03c9\u03bd \u03c0\u03c1\u03b1\u03b3\u03bc\u03b1\u03c4\u03bf\u03c0\u03bf\u03b9\u03b5\u03af\u03c4\u03b1\u03b9 \u03c3\u03c4\u03bf \u03a0\u03b5\u03b9\u03c1\u03b1\u03b9\u03ac \u03ba\u03b1\u03b9 \u03b3\u03b5\u03bd\u03b9\u03ba\u03cc\u03c4\u03b5\u03c1\u03b1 \u03c3\u03c4\u03b7\u03bd \u0391\u03c4\u03c4\u03b9\u03ba\u03ae (\u03b5\u03c6\u03bf\u03c1\u03b5\u03af\u03b1, \u0399\u039a\u0391, \u03c0\u03bf\u03bb\u03b5\u03bf\u03b4\u03bf\u03bc\u03af\u03b1, \u03b1\u03c1\u03c7\u03b1\u03b9\u03bf\u03bb\u03bf\u03b3\u03b9\u03ba\u03ad\u03c2 \u03c5\u03c0\u03b7\u03c1\u03b5\u03c3\u03af\u03b5\u03c2, \u03b4\u03b1\u03c3\u03b1\u03c1\u03c7\u03b5\u03af\u03bf, \u03c5\u03b3\u03b5\u03b9\u03bf\u03bd\u03bf\u03bc\u03b9\u03ba\u03ad\u03c2&hellip;\" \/>\n<meta property=\"og:url\" content=\"https:\/\/gnk.gov.gr\/fr\/about\/ta-kithira\/\" \/>\n<meta property=\"og:site_name\" content=\"\u0393.\u039d.-\u039a.\u03a5. \u039a\u03a5\u0398\u0397\u03a1\u03a9\u039d\" \/>\n<meta property=\"article:modified_time\" content=\"2021-03-24T08:50:19+00:00\" \/>\n<meta property=\"og:image\" content=\"https:\/\/www.gnk.gov.gr\/wp-content\/uploads\/2018\/08\/AERODROMIO-LIMANI.png\" \/>\n<meta name=\"twitter:card\" content=\"summary_large_image\" \/>\n<script type=\"application\/ld+json\" class=\"yoast-schema-graph\">{\"@context\":\"https:\/\/schema.org\",\"@graph\":[{\"@type\":\"WebPage\",\"@id\":\"https:\/\/gnk.gov.gr\/about\/ta-kithira\/\",\"url\":\"https:\/\/gnk.gov.gr\/about\/ta-kithira\/\",\"name\":\"\u03a4\u03b1 \u039a\u03cd\u03b8\u03b7\u03c1\u03b1\",\"isPartOf\":{\"@id\":\"https:\/\/gnk.gov.gr\/#website\"},\"primaryImageOfPage\":{\"@id\":\"https:\/\/gnk.gov.gr\/about\/ta-kithira\/#primaryimage\"},\"image\":{\"@id\":\"https:\/\/gnk.gov.gr\/about\/ta-kithira\/#primaryimage\"},\"thumbnailUrl\":\"https:\/\/www.gnk.gov.gr\/wp-content\/uploads\/2018\/08\/AERODROMIO-LIMANI.png\",\"datePublished\":\"2018-08-09T10:19:23+00:00\",\"dateModified\":\"2021-03-24T08:50:19+00:00\",\"breadcrumb\":{\"@id\":\"https:\/\/gnk.gov.gr\/about\/ta-kithira\/#breadcrumb\"},\"inLanguage\":\"el\",\"potentialAction\":[{\"@type\":\"ReadAction\",\"target\":[\"https:\/\/gnk.gov.gr\/about\/ta-kithira\/\"]}]},{\"@type\":\"ImageObject\",\"inLanguage\":\"el\",\"@id\":\"https:\/\/gnk.gov.gr\/about\/ta-kithira\/#primaryimage\",\"url\":\"https:\/\/www.gnk.gov.gr\/wp-content\/uploads\/2018\/08\/AERODROMIO-LIMANI.png\",\"contentUrl\":\"https:\/\/www.gnk.gov.gr\/wp-content\/uploads\/2018\/08\/AERODROMIO-LIMANI.png\"},{\"@type\":\"BreadcrumbList\",\"@id\":\"https:\/\/gnk.gov.gr\/about\/ta-kithira\/#breadcrumb\",\"itemListElement\":[{\"@type\":\"ListItem\",\"position\":1,\"name\":\"Home\",\"item\":\"https:\/\/gnk.gov.gr\/fr\/\"},{\"@type\":\"ListItem\",\"position\":2,\"name\":\"\u03a4\u03bf \u039d\u03bf\u03c3\u03bf\u03ba\u03bf\u03bc\u03b5\u03af\u03bf\",\"item\":\"https:\/\/gnk.gov.gr\/?page_id=8\"},{\"@type\":\"ListItem\",\"position\":3,\"name\":\"\u03a4\u03b1 \u039a\u03cd\u03b8\u03b7\u03c1\u03b1\"}]},{\"@type\":\"WebSite\",\"@id\":\"https:\/\/gnk.gov.gr\/#website\",\"url\":\"https:\/\/gnk.gov.gr\/\",\"name\":\"\u0393.\u039d.-\u039a.\u03a5. \u039a\u03a5\u0398\u0397\u03a1\u03a9\u039d\",\"description\":\"\\\"\u03a4\u03a1\u0399\u03a6\u03a5\u039b\u039b\u0395\u0399\u039f\\\"\",\"publisher\":{\"@id\":\"https:\/\/gnk.gov.gr\/#organization\"},\"potentialAction\":[{\"@type\":\"SearchAction\",\"target\":{\"@type\":\"EntryPoint\",\"urlTemplate\":\"https:\/\/gnk.gov.gr\/?s={search_term_string}\"},\"query-input\":{\"@type\":\"PropertyValueSpecification\",\"valueRequired\":true,\"valueName\":\"search_term_string\"}}],\"inLanguage\":\"el\"},{\"@type\":\"Organization\",\"@id\":\"https:\/\/gnk.gov.gr\/#organization\",\"name\":\"\u0393.\u039d.-\u039a.\u03a5. \u039a\u03a5\u0398\u0397\u03a1\u03a9\u039d\",\"url\":\"https:\/\/gnk.gov.gr\/\",\"logo\":{\"@type\":\"ImageObject\",\"inLanguage\":\"el\",\"@id\":\"https:\/\/gnk.gov.gr\/#\/schema\/logo\/image\/\",\"url\":\"https:\/\/gnk.gov.gr\/wp-content\/uploads\/2018\/08\/cropped-admin-ajax.png\",\"contentUrl\":\"https:\/\/gnk.gov.gr\/wp-content\/uploads\/2018\/08\/cropped-admin-ajax.png\",\"width\":370,\"height\":85,\"caption\":\"\u0393.\u039d.-\u039a.\u03a5. \u039a\u03a5\u0398\u0397\u03a1\u03a9\u039d\"},\"image\":{\"@id\":\"https:\/\/gnk.gov.gr\/#\/schema\/logo\/image\/\"}}]}<\/script>\n<!-- \/ Yoast SEO plugin. -->","yoast_head_json":{"title":"Le Cyth\u00e8re","robots":{"index":"index","follow":"follow","max-snippet":"max-snippet:-1","max-image-preview":"max-image-preview:large","max-video-preview":"max-video-preview:-1"},"canonical":"https:\/\/gnk.gov.gr\/fr\/about\/ta-kithira\/","og_locale":"fr_FR","og_type":"article","og_title":"[:el]\u03a4\u03b1 \u039a\u03cd\u03b8\u03b7\u03c1\u03b1[:] - \u0393.\u039d.-\u039a.\u03a5. \u039a\u03a5\u0398\u0397\u03a1\u03a9\u039d","og_description":"\u039a\u03a5\u0398\u0397\u03a1\u0391, \u03c4\u03bf \u2018\u03ba\u03b1\u03c4\u03ac \u03a0\u03bb\u03ac\u03c4\u03c9\u03bd\u03b1\u2019 \u03bd\u03b7\u03c3\u03af \u03c4\u03bf\u03c5 \u0388\u03c1\u03c9\u03c4\u03b1 &nbsp; &nbsp; 1. \u0393\u03b5\u03bd\u03b9\u03ba\u03ac \u03a4\u03b1 \u039a\u03cd\u03b8\u03b7\u03c1\u03b1, \u03ad\u03c7\u03bf\u03c5\u03bd \u03c0\u03bb\u03b7\u03b8\u03c5\u03c3\u03bc\u03cc \u03c0\u03b5\u03c1\u03af \u03c4\u03c9\u03bd 4000-5000 \u03ba\u03b1\u03c4\u03bf\u03af\u03ba\u03c9\u03bd \u03ba\u03b1\u03c4\u03ac \u03c4\u03bf\u03c5\u03c2 \u03c7\u03b5\u03b9\u03bc\u03b5\u03c1\u03b9\u03bd\u03bf\u03cd\u03c2 \u03bc\u03ae\u03bd\u03b5\u03c2, \u03bf \u03bf\u03c0\u03bf\u03af\u03bf\u03c2 \u03c0\u03bf\u03bb\u03bb\u03b1\u03c0\u03bb\u03b1\u03c3\u03b9\u03ac\u03b6\u03b5\u03c4\u03b1\u03b9 \u03c4\u03bf\u03c5\u03c2 \u03ba\u03b1\u03bb\u03bf\u03ba\u03b1\u03b9\u03c1\u03b9\u03bd\u03bf\u03cd\u03c2. \u0391\u03bd\u03ae\u03ba\u03bf\u03c5\u03bd \u03b4\u03b9\u03bf\u03b9\u03ba\u03b7\u03c4\u03b9\u03ba\u03ac \u03c3\u03c4\u03b7 \u03a0\u03b5\u03c1\u03b9\u03c6\u03ad\u03c1\u03b5\u03b9\u03b1 \u0391\u03c4\u03c4\u03b9\u03ba\u03ae\u03c2. \u0395\u03af\u03bd\u03b1\u03b9 \u03c7\u03b1\u03c1\u03b1\u03ba\u03c4\u03b7\u03c1\u03b9\u03c3\u03c4\u03b9\u03ba\u03cc \u03cc\u03c4\u03b9 \u03b4\u03b9\u03b5\u03ba\u03c0\u03b5\u03c1\u03b1\u03af\u03c9\u03c3\u03b7 \u03c0\u03bb\u03ae\u03b8\u03bf\u03c5\u03c2 \u03c5\u03c0\u03bf\u03b8\u03ad\u03c3\u03b5\u03c9\u03bd \u03ba\u03b1\u03b9 \u03b8\u03b5\u03bc\u03ac\u03c4\u03c9\u03bd \u03c0\u03c1\u03b1\u03b3\u03bc\u03b1\u03c4\u03bf\u03c0\u03bf\u03b9\u03b5\u03af\u03c4\u03b1\u03b9 \u03c3\u03c4\u03bf \u03a0\u03b5\u03b9\u03c1\u03b1\u03b9\u03ac \u03ba\u03b1\u03b9 \u03b3\u03b5\u03bd\u03b9\u03ba\u03cc\u03c4\u03b5\u03c1\u03b1 \u03c3\u03c4\u03b7\u03bd \u0391\u03c4\u03c4\u03b9\u03ba\u03ae (\u03b5\u03c6\u03bf\u03c1\u03b5\u03af\u03b1, \u0399\u039a\u0391, \u03c0\u03bf\u03bb\u03b5\u03bf\u03b4\u03bf\u03bc\u03af\u03b1, \u03b1\u03c1\u03c7\u03b1\u03b9\u03bf\u03bb\u03bf\u03b3\u03b9\u03ba\u03ad\u03c2 \u03c5\u03c0\u03b7\u03c1\u03b5\u03c3\u03af\u03b5\u03c2, \u03b4\u03b1\u03c3\u03b1\u03c1\u03c7\u03b5\u03af\u03bf, \u03c5\u03b3\u03b5\u03b9\u03bf\u03bd\u03bf\u03bc\u03b9\u03ba\u03ad\u03c2&hellip;","og_url":"https:\/\/gnk.gov.gr\/fr\/about\/ta-kithira\/","og_site_name":"\u0393.\u039d.-\u039a.\u03a5. \u039a\u03a5\u0398\u0397\u03a1\u03a9\u039d","article_modified_time":"2021-03-24T08:50:19+00:00","og_image":[{"url":"https:\/\/www.gnk.gov.gr\/wp-content\/uploads\/2018\/08\/AERODROMIO-LIMANI.png","type":"","width":"","height":""}],"twitter_card":"summary_large_image","schema":{"@context":"https:\/\/schema.org","@graph":[{"@type":"WebPage","@id":"https:\/\/gnk.gov.gr\/about\/ta-kithira\/","url":"https:\/\/gnk.gov.gr\/about\/ta-kithira\/","name":"Le Cyth\u00e8re","isPartOf":{"@id":"https:\/\/gnk.gov.gr\/#website"},"primaryImageOfPage":{"@id":"https:\/\/gnk.gov.gr\/about\/ta-kithira\/#primaryimage"},"image":{"@id":"https:\/\/gnk.gov.gr\/about\/ta-kithira\/#primaryimage"},"thumbnailUrl":"https:\/\/www.gnk.gov.gr\/wp-content\/uploads\/2018\/08\/AERODROMIO-LIMANI.png","datePublished":"2018-08-09T10:19:23+00:00","dateModified":"2021-03-24T08:50:19+00:00","breadcrumb":{"@id":"https:\/\/gnk.gov.gr\/about\/ta-kithira\/#breadcrumb"},"inLanguage":"el","potentialAction":[{"@type":"ReadAction","target":["https:\/\/gnk.gov.gr\/about\/ta-kithira\/"]}]},{"@type":"ImageObject","inLanguage":"el","@id":"https:\/\/gnk.gov.gr\/about\/ta-kithira\/#primaryimage","url":"https:\/\/www.gnk.gov.gr\/wp-content\/uploads\/2018\/08\/AERODROMIO-LIMANI.png","contentUrl":"https:\/\/www.gnk.gov.gr\/wp-content\/uploads\/2018\/08\/AERODROMIO-LIMANI.png"},{"@type":"BreadcrumbList","@id":"https:\/\/gnk.gov.gr\/about\/ta-kithira\/#breadcrumb","itemListElement":[{"@type":"ListItem","position":1,"name":"Home","item":"https:\/\/gnk.gov.gr\/fr\/"},{"@type":"ListItem","position":2,"name":"\u03a4\u03bf \u039d\u03bf\u03c3\u03bf\u03ba\u03bf\u03bc\u03b5\u03af\u03bf","item":"https:\/\/gnk.gov.gr\/?page_id=8"},{"@type":"ListItem","position":3,"name":"\u03a4\u03b1 \u039a\u03cd\u03b8\u03b7\u03c1\u03b1"}]},{"@type":"WebSite","@id":"https:\/\/gnk.gov.gr\/#website","url":"https:\/\/gnk.gov.gr\/","name":"\u0393.\u039d.-\u039a.\u03a5. \u039a\u03a5\u0398\u0397\u03a1\u03a9\u039d","description":"\"\\u03a4\\u03a1\\u0399\\u03a6\\u03a5\\u039b\\u039b\\u0395\\u0399\\u039f\"","publisher":{"@id":"https:\/\/gnk.gov.gr\/#organization"},"potentialAction":[{"@type":"SearchAction","target":{"@type":"EntryPoint","urlTemplate":"https:\/\/gnk.gov.gr\/?s={search_term_string}"},"query-input":{"@type":"PropertyValueSpecification","valueRequired":true,"valueName":"search_term_string"}}],"inLanguage":"el"},{"@type":"Organization","@id":"https:\/\/gnk.gov.gr\/#organization","name":"\u0393.\u039d.-\u039a.\u03a5. \u039a\u03a5\u0398\u0397\u03a1\u03a9\u039d","url":"https:\/\/gnk.gov.gr\/","logo":{"@type":"ImageObject","inLanguage":"el","@id":"https:\/\/gnk.gov.gr\/#\/schema\/logo\/image\/","url":"https:\/\/gnk.gov.gr\/wp-content\/uploads\/2018\/08\/cropped-admin-ajax.png","contentUrl":"https:\/\/gnk.gov.gr\/wp-content\/uploads\/2018\/08\/cropped-admin-ajax.png","width":370,"height":85,"caption":"\u0393.\u039d.-\u039a.\u03a5. \u039a\u03a5\u0398\u0397\u03a1\u03a9\u039d"},"image":{"@id":"https:\/\/gnk.gov.gr\/#\/schema\/logo\/image\/"}}]}},"_links":{"self":[{"href":"https:\/\/gnk.gov.gr\/fr\/wp-json\/wp\/v2\/pages\/471","targetHints":{"allow":["GET"]}}],"collection":[{"href":"https:\/\/gnk.gov.gr\/fr\/wp-json\/wp\/v2\/pages"}],"about":[{"href":"https:\/\/gnk.gov.gr\/fr\/wp-json\/wp\/v2\/types\/page"}],"author":[{"embeddable":true,"href":"https:\/\/gnk.gov.gr\/fr\/wp-json\/wp\/v2\/users\/1"}],"replies":[{"embeddable":true,"href":"https:\/\/gnk.gov.gr\/fr\/wp-json\/wp\/v2\/comments?post=471"}],"version-history":[{"count":15,"href":"https:\/\/gnk.gov.gr\/fr\/wp-json\/wp\/v2\/pages\/471\/revisions"}],"predecessor-version":[{"id":1411,"href":"https:\/\/gnk.gov.gr\/fr\/wp-json\/wp\/v2\/pages\/471\/revisions\/1411"}],"up":[{"embeddable":true,"href":"https:\/\/gnk.gov.gr\/fr\/wp-json\/wp\/v2\/pages\/8"}],"wp:attachment":[{"href":"https:\/\/gnk.gov.gr\/fr\/wp-json\/wp\/v2\/media?parent=471"}],"curies":[{"name":"wp","href":"https:\/\/api.w.org\/{rel}","templated":true}]}}