{"id":307,"date":"2018-08-06T13:06:08","date_gmt":"2018-08-06T11:06:08","guid":{"rendered":"http:\/\/www.gnk.gov.gr\/?page_id=307"},"modified":"2018-08-06T13:40:36","modified_gmt":"2018-08-06T11:40:36","slug":"history","status":"publish","type":"page","link":"https:\/\/gnk.gov.gr\/fr\/about\/history\/","title":{"rendered":"L'histoire"},"content":{"rendered":"<h1 style=\"text-align: center;\">L\u2019h\u00f4pital de Cyth\u00e8re a \u00e9t\u00e9 fond\u00e9 le 25.06.1957, gr\u00e2ce au bienfaiteur cyth\u00e9rien Nikolaos Triffyllis.<\/h1>\n<p>&nbsp;<\/p>\n<p style=\"text-align: left;\"><img loading=\"lazy\" decoding=\"async\" class=\"wp-image-332 alignleft\" src=\"https:\/\/www.gnk.gov.gr\/wp-content\/uploads\/2018\/08\/1.jpg\" alt=\"\" width=\"506\" height=\"322\" srcset=\"https:\/\/gnk.gov.gr\/wp-content\/uploads\/2018\/08\/1.jpg 526w, https:\/\/gnk.gov.gr\/wp-content\/uploads\/2018\/08\/1-300x191.jpg 300w\" sizes=\"auto, (max-width: 506px) 100vw, 506px\" \/><\/p>\n<p>&nbsp;<\/p>\n<p>&nbsp;<\/p>\n<p>&nbsp;<\/p>\n<p style=\"text-align: center;\">L\u2019H\u00f4pital a fonctionn\u00e9 en tant que personne morale de droit priv\u00e9 jusqu\u2019en 1959, date \u00e0 laquelle il a \u00e9t\u00e9 int\u00e9gr\u00e9 au secteur public. En 1989, apr\u00e8s des r\u00e9formes, l\u2019h\u00f4pital a \u00e9t\u00e9 int\u00e9gr\u00e9 au Syst\u00e8me national de sant\u00e9 (\u0395\u03a3\u03a5). L\u2019objectif de l\u2019h\u00f4pital est de fournir des services de soins de sant\u00e9 primaires et secondaires aux r\u00e9sidents et aux visiteurs de Cyth\u00e8re et d\u2019Anticyth\u00e8re.<\/p>\n<p>&nbsp;<\/p>\n<p>&nbsp;<\/p>\n<p>&nbsp;<\/p>\n<p>&nbsp;<\/p>\n<p><img loading=\"lazy\" decoding=\"async\" class=\"wp-image-333 alignright\" src=\"https:\/\/www.gnk.gov.gr\/wp-content\/uploads\/2018\/08\/2.jpg\" alt=\"\" width=\"509\" height=\"326\" srcset=\"https:\/\/gnk.gov.gr\/wp-content\/uploads\/2018\/08\/2.jpg 960w, https:\/\/gnk.gov.gr\/wp-content\/uploads\/2018\/08\/2-300x192.jpg 300w, https:\/\/gnk.gov.gr\/wp-content\/uploads\/2018\/08\/2-768x492.jpg 768w\" sizes=\"auto, (max-width: 509px) 100vw, 509px\" \/><\/p>\n<p>&nbsp;<\/p>\n<p>&nbsp;<\/p>\n<p>&nbsp;<\/p>\n<p style=\"text-align: center;\">Afin de couvrir de mani\u00e8re permanente les d\u00e9penses de sant\u00e9 sur l\u2019\u00eele, Nikolaos Triffylis a r\u00e9dig\u00e9 son testament 10494\/26.6.48, selon lequel il a fait don de tous ses biens pour \u00e9tablir une fondation caritative sous le nom d\u2019H\u00d4PITAL TRIFFYLIO DE CYTHERE, visant \u00e0 construire et exploiter un h\u00f4pital \u00e0 Potamos, village \u00e0 Cyth\u00e8re.<\/p>\n<p>&nbsp;<\/p>\n<p>&nbsp;<\/p>\n<p>&nbsp;<\/p>\n<p>&nbsp;<\/p>\n<p style=\"text-align: center;\"><img loading=\"lazy\" decoding=\"async\" class=\"wp-image-334 alignleft\" src=\"https:\/\/www.gnk.gov.gr\/wp-content\/uploads\/2018\/08\/3.jpg\" alt=\"\" width=\"506\" height=\"378\" srcset=\"https:\/\/gnk.gov.gr\/wp-content\/uploads\/2018\/08\/3.jpg 450w, https:\/\/gnk.gov.gr\/wp-content\/uploads\/2018\/08\/3-300x224.jpg 300w\" sizes=\"auto, (max-width: 506px) 100vw, 506px\" \/><\/p>\n<p>&nbsp;<\/p>\n<p>&nbsp;<\/p>\n<p>&nbsp;<\/p>\n<p style=\"text-align: center;\">Beaucoup d\u2019autres Cyth\u00e9riens ont contribu\u00e9 \u00e0 cette grande initiative avec des dons notables: P. Panaretos, M. Semitekolos, les fr\u00e8res Kassimatis, L. Megalokonomos etc. Le Comit\u00e9 de collecte de fonds, cr\u00e9\u00e9 sp\u00e9cialement \u00e0 cet effet, a rapidement achev\u00e9 ses travaux et inaugur\u00e9 l\u2019h\u00f4pital le 21.5.1953 dans le village de Potamos, sur le terrain que P. Panaretos (le neveu de Nikolaos) avait donn\u00e9 pour ce projet.<\/p>\n<p>&nbsp;<\/p>\n<p>&nbsp;<\/p>\n<p>&nbsp;<\/p>\n<p>&nbsp;<\/p>\n<p style=\"text-align: left;\"><img loading=\"lazy\" decoding=\"async\" class=\"wp-image-335 alignright\" src=\"https:\/\/www.gnk.gov.gr\/wp-content\/uploads\/2018\/08\/4.jpg\" alt=\"\" width=\"505\" height=\"338\" srcset=\"https:\/\/gnk.gov.gr\/wp-content\/uploads\/2018\/08\/4.jpg 403w, https:\/\/gnk.gov.gr\/wp-content\/uploads\/2018\/08\/4-300x201.jpg 300w\" sizes=\"auto, (max-width: 505px) 100vw, 505px\" \/><\/p>\n<p>&nbsp;<\/p>\n<p>&nbsp;<\/p>\n<p>&nbsp;<\/p>\n<p style=\"text-align: center;\">Nikolaos Triffylis est mort en mai 1955. Depuis mars 2014, l\u2019H\u00f4pital G\u00e9n\u00e9ral de Cyth\u00e8re a emm\u00e9nag\u00e9 dans un nouveau b\u00e2timent moderne de 3.000 m2, sur un terrain de 1400 m2 offert par le Monast\u00e8re de Saint Th\u00e9odoros. La vision de citoyens \u00e9minents, d\u2019\u00e9minents savants, d\u2019intellectuels, de m\u00e9decins et des habitants de Cyth\u00e8re s\u2019est r\u00e9alis\u00e9e.<\/p>","protected":false},"excerpt":{"rendered":"<p>\u03a4\u03bf \u039d\u03bf\u03c3\u03bf\u03ba\u03bf\u03bc\u03b5\u03af\u03bf \u039a\u03c5\u03b8\u03ae\u03c1\u03c9\u03bd \u03b9\u03b4\u03c1\u03cd\u03b8\u03b7\u03ba\u03b5 \u03c3\u03c4\u03b9\u03c2 25.6.1957 \u03bc\u03b5\u03c4\u03ac \u03b1\u03c0\u03cc \u03c0\u03c1\u03c9\u03c4\u03bf\u03b2\u03bf\u03c5\u03bb\u03af\u03b1 \u03ba\u03b1\u03b9 \u03b4\u03c9\u03c1\u03b5\u03ac \u03c4\u03bf\u03c5 \u039a\u03c5\u03b8\u03ae\u03c1\u03b9\u03bf\u03c5 \u03bf\u03bc\u03bf\u03b3\u03b5\u03bd\u03ae \u039d\u03b9\u03ba. \u03a4\u03c1\u03b9\u03c6\u03cd\u03bb\u03bb\u03b7. &nbsp; &nbsp; &nbsp; &nbsp; \u039b\u03b5\u03b9\u03c4\u03bf\u03cd\u03c1\u03b3\u03b7\u03c3\u03b5 \u03c3\u03b1\u03bd \u039d\u03a0\u0399\u0394 \u03ba\u03b1\u03b9 \u03c4\u03bf 1959 \u03c0\u03b5\u03c1\u03b9\u03ae\u03bb\u03b8\u03b5 \u03c3\u03c4\u03bf \u0394\u03b7\u03bc\u03cc\u03c3\u03b9\u03bf. \u03a4\u03bf 1987 \u03b1\u03bd\u03b1\u03bc\u03bf\u03c1\u03c6\u03ce\u03b8\u03b7\u03ba\u03b5 \u03c3\u03c4\u03b1 \u03c0\u03bb\u03b1\u03af\u03c3\u03b9\u03b1 \u03c4\u03bf\u03c5 \u0395\u03a3\u03a5 \u03c3\u03b5 \u03b5\u03bd\u03bf\u03c0\u03bf\u03b9\u03b7\u03bc\u03ad\u03bd\u03bf \u03bf\u03c1\u03b3\u03b1\u03bd\u03b9\u03c3\u03bc\u03cc \u03bc\u03b5 \u03c4\u03bf \u039a\u03ad\u03bd\u03c4\u03c1\u03bf \u03a5\u03b3\u03b5\u03af\u03b1\u03c2. \u03a3\u03ba\u03bf\u03c0\u03cc\u03c2 \u03c4\u03bf\u03c5 \u03bd\u03bf\u03c3\u03bf\u03ba\u03bf\u03bc\u03b5\u03af\u03bf\u03c5 \u03b5\u03af\u03bd\u03b1\u03b9 \u03b7 \u03c0\u03b1\u03c1\u03bf\u03c7\u03ae \u03c0\u03c1\u03c9\u03c4\u03bf\u03b2\u03ac\u03b8\u03bc\u03b9\u03b1\u03c2 \u03ba\u03b1\u03b9 \u03b4\u03b5\u03c5\u03c4\u03b5\u03c1\u03bf\u03b2\u03ac\u03b8\u03bc\u03b9\u03b1\u03c2 \u03c6\u03c1\u03bf\u03bd\u03c4\u03af\u03b4\u03b1\u03c2 \u03c5\u03b3\u03b5\u03af\u03b1\u03c2 \u03ba\u03b1\u03b9&hellip;<\/p>","protected":false},"author":1,"featured_media":0,"parent":8,"menu_order":2,"comment_status":"closed","ping_status":"closed","template":"","meta":{"footnotes":""},"class_list":["post-307","page","type-page","status-publish","hentry"],"yoast_head":"<!-- This site is optimized with the Yoast SEO plugin v27.0 - https:\/\/yoast.com\/product\/yoast-seo-wordpress\/ -->\n<title>\u0399\u03c3\u03c4\u03bf\u03c1\u03af\u03b1 - \u0393.\u039d.-\u039a.\u03a5. \u039a\u03a5\u0398\u0397\u03a1\u03a9\u039d<\/title>\n<meta name=\"robots\" content=\"index, follow, max-snippet:-1, max-image-preview:large, max-video-preview:-1\" \/>\n<link rel=\"canonical\" href=\"https:\/\/gnk.gov.gr\/fr\/about\/history\/\" \/>\n<meta property=\"og:locale\" content=\"fr_FR\" \/>\n<meta property=\"og:locale:alternate\" content=\"en_US\" \/>\n<meta property=\"og:locale:alternate\" content=\"de_DE\" \/>\n<meta property=\"og:type\" content=\"article\" \/>\n<meta property=\"og:title\" content=\"\u0399\u03c3\u03c4\u03bf\u03c1\u03af\u03b1 - \u0393.\u039d.-\u039a.\u03a5. \u039a\u03a5\u0398\u0397\u03a1\u03a9\u039d\" \/>\n<meta property=\"og:description\" content=\"\u03a4\u03bf \u039d\u03bf\u03c3\u03bf\u03ba\u03bf\u03bc\u03b5\u03af\u03bf \u039a\u03c5\u03b8\u03ae\u03c1\u03c9\u03bd \u03b9\u03b4\u03c1\u03cd\u03b8\u03b7\u03ba\u03b5 \u03c3\u03c4\u03b9\u03c2 25.6.1957 \u03bc\u03b5\u03c4\u03ac \u03b1\u03c0\u03cc \u03c0\u03c1\u03c9\u03c4\u03bf\u03b2\u03bf\u03c5\u03bb\u03af\u03b1 \u03ba\u03b1\u03b9 \u03b4\u03c9\u03c1\u03b5\u03ac \u03c4\u03bf\u03c5 \u039a\u03c5\u03b8\u03ae\u03c1\u03b9\u03bf\u03c5 \u03bf\u03bc\u03bf\u03b3\u03b5\u03bd\u03ae \u039d\u03b9\u03ba. \u03a4\u03c1\u03b9\u03c6\u03cd\u03bb\u03bb\u03b7. &nbsp; &nbsp; &nbsp; &nbsp; \u039b\u03b5\u03b9\u03c4\u03bf\u03cd\u03c1\u03b3\u03b7\u03c3\u03b5 \u03c3\u03b1\u03bd \u039d\u03a0\u0399\u0394 \u03ba\u03b1\u03b9 \u03c4\u03bf 1959 \u03c0\u03b5\u03c1\u03b9\u03ae\u03bb\u03b8\u03b5 \u03c3\u03c4\u03bf \u0394\u03b7\u03bc\u03cc\u03c3\u03b9\u03bf. \u03a4\u03bf 1987 \u03b1\u03bd\u03b1\u03bc\u03bf\u03c1\u03c6\u03ce\u03b8\u03b7\u03ba\u03b5 \u03c3\u03c4\u03b1 \u03c0\u03bb\u03b1\u03af\u03c3\u03b9\u03b1 \u03c4\u03bf\u03c5 \u0395\u03a3\u03a5 \u03c3\u03b5 \u03b5\u03bd\u03bf\u03c0\u03bf\u03b9\u03b7\u03bc\u03ad\u03bd\u03bf \u03bf\u03c1\u03b3\u03b1\u03bd\u03b9\u03c3\u03bc\u03cc \u03bc\u03b5 \u03c4\u03bf \u039a\u03ad\u03bd\u03c4\u03c1\u03bf \u03a5\u03b3\u03b5\u03af\u03b1\u03c2. \u03a3\u03ba\u03bf\u03c0\u03cc\u03c2 \u03c4\u03bf\u03c5 \u03bd\u03bf\u03c3\u03bf\u03ba\u03bf\u03bc\u03b5\u03af\u03bf\u03c5 \u03b5\u03af\u03bd\u03b1\u03b9 \u03b7 \u03c0\u03b1\u03c1\u03bf\u03c7\u03ae \u03c0\u03c1\u03c9\u03c4\u03bf\u03b2\u03ac\u03b8\u03bc\u03b9\u03b1\u03c2 \u03ba\u03b1\u03b9 \u03b4\u03b5\u03c5\u03c4\u03b5\u03c1\u03bf\u03b2\u03ac\u03b8\u03bc\u03b9\u03b1\u03c2 \u03c6\u03c1\u03bf\u03bd\u03c4\u03af\u03b4\u03b1\u03c2 \u03c5\u03b3\u03b5\u03af\u03b1\u03c2 \u03ba\u03b1\u03b9&hellip;\" \/>\n<meta property=\"og:url\" content=\"https:\/\/gnk.gov.gr\/fr\/about\/history\/\" \/>\n<meta property=\"og:site_name\" content=\"\u0393.\u039d.-\u039a.\u03a5. \u039a\u03a5\u0398\u0397\u03a1\u03a9\u039d\" \/>\n<meta property=\"article:modified_time\" content=\"2018-08-06T11:40:36+00:00\" \/>\n<meta property=\"og:image\" content=\"https:\/\/www.gnk.gov.gr\/wp-content\/uploads\/2018\/08\/1.jpg\" \/>\n<meta name=\"twitter:card\" content=\"summary_large_image\" \/>\n<script type=\"application\/ld+json\" class=\"yoast-schema-graph\">{\"@context\":\"https:\/\/schema.org\",\"@graph\":[{\"@type\":\"WebPage\",\"@id\":\"https:\/\/gnk.gov.gr\/about\/history\/\",\"url\":\"https:\/\/gnk.gov.gr\/about\/history\/\",\"name\":\"\u0399\u03c3\u03c4\u03bf\u03c1\u03af\u03b1 - \u0393.\u039d.-\u039a.\u03a5. \u039a\u03a5\u0398\u0397\u03a1\u03a9\u039d\",\"isPartOf\":{\"@id\":\"https:\/\/gnk.gov.gr\/#website\"},\"primaryImageOfPage\":{\"@id\":\"https:\/\/gnk.gov.gr\/about\/history\/#primaryimage\"},\"image\":{\"@id\":\"https:\/\/gnk.gov.gr\/about\/history\/#primaryimage\"},\"thumbnailUrl\":\"https:\/\/www.gnk.gov.gr\/wp-content\/uploads\/2018\/08\/1.jpg\",\"datePublished\":\"2018-08-06T11:06:08+00:00\",\"dateModified\":\"2018-08-06T11:40:36+00:00\",\"breadcrumb\":{\"@id\":\"https:\/\/gnk.gov.gr\/about\/history\/#breadcrumb\"},\"inLanguage\":\"el\",\"potentialAction\":[{\"@type\":\"ReadAction\",\"target\":[\"https:\/\/gnk.gov.gr\/about\/history\/\"]}]},{\"@type\":\"ImageObject\",\"inLanguage\":\"el\",\"@id\":\"https:\/\/gnk.gov.gr\/about\/history\/#primaryimage\",\"url\":\"https:\/\/www.gnk.gov.gr\/wp-content\/uploads\/2018\/08\/1.jpg\",\"contentUrl\":\"https:\/\/www.gnk.gov.gr\/wp-content\/uploads\/2018\/08\/1.jpg\"},{\"@type\":\"BreadcrumbList\",\"@id\":\"https:\/\/gnk.gov.gr\/about\/history\/#breadcrumb\",\"itemListElement\":[{\"@type\":\"ListItem\",\"position\":1,\"name\":\"Home\",\"item\":\"https:\/\/gnk.gov.gr\/fr\/\"},{\"@type\":\"ListItem\",\"position\":2,\"name\":\"\u03a4\u03bf \u039d\u03bf\u03c3\u03bf\u03ba\u03bf\u03bc\u03b5\u03af\u03bf\",\"item\":\"https:\/\/gnk.gov.gr\/?page_id=8\"},{\"@type\":\"ListItem\",\"position\":3,\"name\":\"\u0399\u03c3\u03c4\u03bf\u03c1\u03af\u03b1\"}]},{\"@type\":\"WebSite\",\"@id\":\"https:\/\/gnk.gov.gr\/#website\",\"url\":\"https:\/\/gnk.gov.gr\/\",\"name\":\"\u0393.\u039d.-\u039a.\u03a5. \u039a\u03a5\u0398\u0397\u03a1\u03a9\u039d\",\"description\":\"\\\"\u03a4\u03a1\u0399\u03a6\u03a5\u039b\u039b\u0395\u0399\u039f\\\"\",\"publisher\":{\"@id\":\"https:\/\/gnk.gov.gr\/#organization\"},\"potentialAction\":[{\"@type\":\"SearchAction\",\"target\":{\"@type\":\"EntryPoint\",\"urlTemplate\":\"https:\/\/gnk.gov.gr\/?s={search_term_string}\"},\"query-input\":{\"@type\":\"PropertyValueSpecification\",\"valueRequired\":true,\"valueName\":\"search_term_string\"}}],\"inLanguage\":\"el\"},{\"@type\":\"Organization\",\"@id\":\"https:\/\/gnk.gov.gr\/#organization\",\"name\":\"\u0393.\u039d.-\u039a.\u03a5. \u039a\u03a5\u0398\u0397\u03a1\u03a9\u039d\",\"url\":\"https:\/\/gnk.gov.gr\/\",\"logo\":{\"@type\":\"ImageObject\",\"inLanguage\":\"el\",\"@id\":\"https:\/\/gnk.gov.gr\/#\/schema\/logo\/image\/\",\"url\":\"https:\/\/gnk.gov.gr\/wp-content\/uploads\/2018\/08\/cropped-admin-ajax.png\",\"contentUrl\":\"https:\/\/gnk.gov.gr\/wp-content\/uploads\/2018\/08\/cropped-admin-ajax.png\",\"width\":370,\"height\":85,\"caption\":\"\u0393.\u039d.-\u039a.\u03a5. \u039a\u03a5\u0398\u0397\u03a1\u03a9\u039d\"},\"image\":{\"@id\":\"https:\/\/gnk.gov.gr\/#\/schema\/logo\/image\/\"}}]}<\/script>\n<!-- \/ Yoast SEO plugin. -->","yoast_head_json":{"title":"\u0399\u03c3\u03c4\u03bf\u03c1\u03af\u03b1 - \u0393.\u039d.-\u039a.\u03a5. \u039a\u03a5\u0398\u0397\u03a1\u03a9\u039d","robots":{"index":"index","follow":"follow","max-snippet":"max-snippet:-1","max-image-preview":"max-image-preview:large","max-video-preview":"max-video-preview:-1"},"canonical":"https:\/\/gnk.gov.gr\/fr\/about\/history\/","og_locale":"fr_FR","og_type":"article","og_title":"\u0399\u03c3\u03c4\u03bf\u03c1\u03af\u03b1 - \u0393.\u039d.-\u039a.\u03a5. \u039a\u03a5\u0398\u0397\u03a1\u03a9\u039d","og_description":"\u03a4\u03bf \u039d\u03bf\u03c3\u03bf\u03ba\u03bf\u03bc\u03b5\u03af\u03bf \u039a\u03c5\u03b8\u03ae\u03c1\u03c9\u03bd \u03b9\u03b4\u03c1\u03cd\u03b8\u03b7\u03ba\u03b5 \u03c3\u03c4\u03b9\u03c2 25.6.1957 \u03bc\u03b5\u03c4\u03ac \u03b1\u03c0\u03cc \u03c0\u03c1\u03c9\u03c4\u03bf\u03b2\u03bf\u03c5\u03bb\u03af\u03b1 \u03ba\u03b1\u03b9 \u03b4\u03c9\u03c1\u03b5\u03ac \u03c4\u03bf\u03c5 \u039a\u03c5\u03b8\u03ae\u03c1\u03b9\u03bf\u03c5 \u03bf\u03bc\u03bf\u03b3\u03b5\u03bd\u03ae \u039d\u03b9\u03ba. \u03a4\u03c1\u03b9\u03c6\u03cd\u03bb\u03bb\u03b7. &nbsp; &nbsp; &nbsp; &nbsp; \u039b\u03b5\u03b9\u03c4\u03bf\u03cd\u03c1\u03b3\u03b7\u03c3\u03b5 \u03c3\u03b1\u03bd \u039d\u03a0\u0399\u0394 \u03ba\u03b1\u03b9 \u03c4\u03bf 1959 \u03c0\u03b5\u03c1\u03b9\u03ae\u03bb\u03b8\u03b5 \u03c3\u03c4\u03bf \u0394\u03b7\u03bc\u03cc\u03c3\u03b9\u03bf. \u03a4\u03bf 1987 \u03b1\u03bd\u03b1\u03bc\u03bf\u03c1\u03c6\u03ce\u03b8\u03b7\u03ba\u03b5 \u03c3\u03c4\u03b1 \u03c0\u03bb\u03b1\u03af\u03c3\u03b9\u03b1 \u03c4\u03bf\u03c5 \u0395\u03a3\u03a5 \u03c3\u03b5 \u03b5\u03bd\u03bf\u03c0\u03bf\u03b9\u03b7\u03bc\u03ad\u03bd\u03bf \u03bf\u03c1\u03b3\u03b1\u03bd\u03b9\u03c3\u03bc\u03cc \u03bc\u03b5 \u03c4\u03bf \u039a\u03ad\u03bd\u03c4\u03c1\u03bf \u03a5\u03b3\u03b5\u03af\u03b1\u03c2. \u03a3\u03ba\u03bf\u03c0\u03cc\u03c2 \u03c4\u03bf\u03c5 \u03bd\u03bf\u03c3\u03bf\u03ba\u03bf\u03bc\u03b5\u03af\u03bf\u03c5 \u03b5\u03af\u03bd\u03b1\u03b9 \u03b7 \u03c0\u03b1\u03c1\u03bf\u03c7\u03ae \u03c0\u03c1\u03c9\u03c4\u03bf\u03b2\u03ac\u03b8\u03bc\u03b9\u03b1\u03c2 \u03ba\u03b1\u03b9 \u03b4\u03b5\u03c5\u03c4\u03b5\u03c1\u03bf\u03b2\u03ac\u03b8\u03bc\u03b9\u03b1\u03c2 \u03c6\u03c1\u03bf\u03bd\u03c4\u03af\u03b4\u03b1\u03c2 \u03c5\u03b3\u03b5\u03af\u03b1\u03c2 \u03ba\u03b1\u03b9&hellip;","og_url":"https:\/\/gnk.gov.gr\/fr\/about\/history\/","og_site_name":"\u0393.\u039d.-\u039a.\u03a5. \u039a\u03a5\u0398\u0397\u03a1\u03a9\u039d","article_modified_time":"2018-08-06T11:40:36+00:00","og_image":[{"url":"https:\/\/www.gnk.gov.gr\/wp-content\/uploads\/2018\/08\/1.jpg","type":"","width":"","height":""}],"twitter_card":"summary_large_image","schema":{"@context":"https:\/\/schema.org","@graph":[{"@type":"WebPage","@id":"https:\/\/gnk.gov.gr\/about\/history\/","url":"https:\/\/gnk.gov.gr\/about\/history\/","name":"\u0399\u03c3\u03c4\u03bf\u03c1\u03af\u03b1 - \u0393.\u039d.-\u039a.\u03a5. \u039a\u03a5\u0398\u0397\u03a1\u03a9\u039d","isPartOf":{"@id":"https:\/\/gnk.gov.gr\/#website"},"primaryImageOfPage":{"@id":"https:\/\/gnk.gov.gr\/about\/history\/#primaryimage"},"image":{"@id":"https:\/\/gnk.gov.gr\/about\/history\/#primaryimage"},"thumbnailUrl":"https:\/\/www.gnk.gov.gr\/wp-content\/uploads\/2018\/08\/1.jpg","datePublished":"2018-08-06T11:06:08+00:00","dateModified":"2018-08-06T11:40:36+00:00","breadcrumb":{"@id":"https:\/\/gnk.gov.gr\/about\/history\/#breadcrumb"},"inLanguage":"el","potentialAction":[{"@type":"ReadAction","target":["https:\/\/gnk.gov.gr\/about\/history\/"]}]},{"@type":"ImageObject","inLanguage":"el","@id":"https:\/\/gnk.gov.gr\/about\/history\/#primaryimage","url":"https:\/\/www.gnk.gov.gr\/wp-content\/uploads\/2018\/08\/1.jpg","contentUrl":"https:\/\/www.gnk.gov.gr\/wp-content\/uploads\/2018\/08\/1.jpg"},{"@type":"BreadcrumbList","@id":"https:\/\/gnk.gov.gr\/about\/history\/#breadcrumb","itemListElement":[{"@type":"ListItem","position":1,"name":"Home","item":"https:\/\/gnk.gov.gr\/fr\/"},{"@type":"ListItem","position":2,"name":"\u03a4\u03bf \u039d\u03bf\u03c3\u03bf\u03ba\u03bf\u03bc\u03b5\u03af\u03bf","item":"https:\/\/gnk.gov.gr\/?page_id=8"},{"@type":"ListItem","position":3,"name":"\u0399\u03c3\u03c4\u03bf\u03c1\u03af\u03b1"}]},{"@type":"WebSite","@id":"https:\/\/gnk.gov.gr\/#website","url":"https:\/\/gnk.gov.gr\/","name":"\u0393.\u039d.-\u039a.\u03a5. \u039a\u03a5\u0398\u0397\u03a1\u03a9\u039d","description":"\"\\u03a4\\u03a1\\u0399\\u03a6\\u03a5\\u039b\\u039b\\u0395\\u0399\\u039f\"","publisher":{"@id":"https:\/\/gnk.gov.gr\/#organization"},"potentialAction":[{"@type":"SearchAction","target":{"@type":"EntryPoint","urlTemplate":"https:\/\/gnk.gov.gr\/?s={search_term_string}"},"query-input":{"@type":"PropertyValueSpecification","valueRequired":true,"valueName":"search_term_string"}}],"inLanguage":"el"},{"@type":"Organization","@id":"https:\/\/gnk.gov.gr\/#organization","name":"\u0393.\u039d.-\u039a.\u03a5. \u039a\u03a5\u0398\u0397\u03a1\u03a9\u039d","url":"https:\/\/gnk.gov.gr\/","logo":{"@type":"ImageObject","inLanguage":"el","@id":"https:\/\/gnk.gov.gr\/#\/schema\/logo\/image\/","url":"https:\/\/gnk.gov.gr\/wp-content\/uploads\/2018\/08\/cropped-admin-ajax.png","contentUrl":"https:\/\/gnk.gov.gr\/wp-content\/uploads\/2018\/08\/cropped-admin-ajax.png","width":370,"height":85,"caption":"\u0393.\u039d.-\u039a.\u03a5. \u039a\u03a5\u0398\u0397\u03a1\u03a9\u039d"},"image":{"@id":"https:\/\/gnk.gov.gr\/#\/schema\/logo\/image\/"}}]}},"_links":{"self":[{"href":"https:\/\/gnk.gov.gr\/fr\/wp-json\/wp\/v2\/pages\/307","targetHints":{"allow":["GET"]}}],"collection":[{"href":"https:\/\/gnk.gov.gr\/fr\/wp-json\/wp\/v2\/pages"}],"about":[{"href":"https:\/\/gnk.gov.gr\/fr\/wp-json\/wp\/v2\/types\/page"}],"author":[{"embeddable":true,"href":"https:\/\/gnk.gov.gr\/fr\/wp-json\/wp\/v2\/users\/1"}],"replies":[{"embeddable":true,"href":"https:\/\/gnk.gov.gr\/fr\/wp-json\/wp\/v2\/comments?post=307"}],"version-history":[{"count":5,"href":"https:\/\/gnk.gov.gr\/fr\/wp-json\/wp\/v2\/pages\/307\/revisions"}],"predecessor-version":[{"id":340,"href":"https:\/\/gnk.gov.gr\/fr\/wp-json\/wp\/v2\/pages\/307\/revisions\/340"}],"up":[{"embeddable":true,"href":"https:\/\/gnk.gov.gr\/fr\/wp-json\/wp\/v2\/pages\/8"}],"wp:attachment":[{"href":"https:\/\/gnk.gov.gr\/fr\/wp-json\/wp\/v2\/media?parent=307"}],"curies":[{"name":"wp","href":"https:\/\/api.w.org\/{rel}","templated":true}]}}