{"id":282,"date":"2018-08-06T11:29:55","date_gmt":"2018-08-06T09:29:55","guid":{"rendered":"http:\/\/www.gnk.gov.gr\/?page_id=282"},"modified":"2018-08-10T10:39:37","modified_gmt":"2018-08-10T08:39:37","slug":"iatreio-choras","status":"publish","type":"page","link":"https:\/\/gnk.gov.gr\/fr\/perifereiaka-iatreia\/iatreio-choras\/","title":{"rendered":"Station M\u00e9dicaux Provinciale de Chora (Capitale)"},"content":{"rendered":"<h1 style=\"text-align: center;\">Station M\u00e9dicaux Provinciale de Chora (Capitale)<\/h1>\n<p>&nbsp;<\/p>\n<p>&nbsp;<\/p>\n<p style=\"text-align: center;\">Cyth\u00e8re (ou Chora) est la capitale de l\u2019\u00eele et est un \u00e9tablissement traditionnel.<\/p>\n<p style=\"text-align: center;\">Elle est situ\u00e9e dans la partie sud de l\u2019\u00eele. La clinique est situ\u00e9e au rez-de-chauss\u00e9e de l\u2019immeuble de deux \u00e9tages.<\/p>\n<p style=\"text-align: center;\">A Cyth\u00e8re (Chora) se trouve la Mairie, la Poste et d\u2019autres services publics.<\/p>\n<p style=\"text-align: center;\">Il y a aussi de nombreux magasins touristiques, caf\u00e9s, restaurants et banques.<\/p>\n<p style=\"text-align: center;\">La station m\u00e9dicale est situ\u00e9e \u00e0 environ 15 kilom\u00e8tres de l\u2019h\u00f4pital g\u00e9n\u00e9ral de Cyth\u00e8re.<\/p>\n<p>&nbsp;<\/p>\n<hr \/>\n<p>&nbsp;<\/p>\n<p style=\"text-align: center;\"><iframe loading=\"lazy\" style=\"border: 0;\" src=\"https:\/\/www.google.com\/maps\/embed?pb=!1m18!1m12!1m3!1d3221.6707599488404!2d22.98417931527171!3d36.15022898008767!2m3!1f0!2f0!3f0!3m2!1i1024!2i768!4f13.1!3m3!1m2!1s0x0%3A0x0!2zMzbCsDA5JzAwLjgiTiAyMsKwNTknMTAuOSJF!5e0!3m2!1sen!2sus!4v1533637051739\" width=\"400\" height=\"300\" frameborder=\"0\" allowfullscreen=\"allowfullscreen\"><\/iframe><\/p>\n<p>&nbsp;<\/p>\n<p>&nbsp;<\/p>","protected":false},"excerpt":{"rendered":"<p>\u03a0\u03b5\u03c1\u03b9\u03c6\u03b5\u03c1\u03b5\u03b9\u03b1\u03ba\u03cc \u0399\u03b1\u03c4\u03c1\u03b5\u03af\u03bf \u03a7\u03ce\u03c1\u03b1\u03c2 \u039a\u03c5\u03b8\u03ae\u03c1\u03c9\u03bd &nbsp; &nbsp; \u039f \u03bf\u03b9\u03ba\u03b9\u03c3\u03bc\u03cc\u03c2 \u039a\u03cd\u03b8\u03b7\u03c1\u03b1 (\u03ae \u03a7\u03ce\u03c1\u03b1) \u03b5\u03af\u03bd\u03b1\u03b9 \u03b7 \u03c0\u03c1\u03c9\u03c4\u03b5\u03cd\u03bf\u03c5\u03c3\u03b1 \u03c4\u03bf\u03c5 \u03bd\u03b7\u03c3\u03b9\u03bf\u03cd \u03ba\u03b1\u03b9 \u03b5\u03af\u03bd\u03b1\u03b9 \u03ba\u03b7\u03c1\u03c5\u03b3\u03bc\u03ad\u03bd\u03bf\u03c2 \u03c0\u03b1\u03c1\u03b1\u03b4\u03bf\u03c3\u03b9\u03b1\u03ba\u03cc\u03c2 \u03bf\u03b9\u03ba\u03b9\u03c3\u03bc\u03cc\u03c2. \u0392\u03c1\u03af\u03c3\u03ba\u03b5\u03c4\u03b1\u03b9 \u03c3\u03c4\u03bf \u03bd\u03cc\u03c4\u03b9\u03bf \u03c4\u03bc\u03ae\u03bc\u03b1 \u03c4\u03bf\u03c5 \u03bd\u03b7\u03c3\u03b9\u03bf\u03cd. \u03a4\u03bf \u03b9\u03b1\u03c4\u03c1\u03b5\u03af\u03bf \u03c3\u03c4\u03b5\u03b3\u03ac\u03b6\u03b5\u03c4\u03b1\u03b9 \u03c3\u03c4\u03bf \u03b9\u03c3\u03cc\u03b3\u03b5\u03b9\u03bf \u03b4\u03b9\u03ce\u03c1\u03bf\u03c6\u03bf\u03c5 \u03ba\u03c4\u03b9\u03c1\u03af\u03bf\u03c5. \u03a3\u03c4\u03b1 \u039a\u03cd\u03b8\u03b7\u03c1\u03b1 (\u03a7\u03ce\u03c1\u03b1), \u03c3\u03c4\u03b5\u03b3\u03ac\u03b6\u03b5\u03c4\u03b1\u03b9 \u03c4\u03bf \u0394\u03b7\u03bc\u03b1\u03c1\u03c7\u03b5\u03af\u03bf, \u03c4\u03bf \u03a4\u03b1\u03c7\u03c5\u03b4\u03c1\u03bf\u03bc\u03b5\u03af\u03bf \u03ba\u03b1\u03b9 \u03ac\u03bb\u03bb\u03b5\u03c2 \u03b4\u03b7\u03bc\u03cc\u03c3\u03b9\u03b5\u03c2 \u03c5\u03c0\u03b7\u03c1\u03b5\u03c3\u03af\u03b5\u03c2. \u0395\u03c0\u03af\u03c3\u03b7\u03c2, \u03c5\u03c0\u03ac\u03c1\u03c7\u03bf\u03c5\u03bd \u03c0\u03bf\u03bb\u03bb\u03ac \u03c4\u03bf\u03c5\u03c1\u03b9\u03c3\u03c4\u03b9\u03ba\u03ac \u03bc\u03b1\u03b3\u03b1\u03b6\u03b9\u03ac, \u03ba\u03b1\u03c6\u03ad-\u03bc\u03c0\u03b1\u03c1, \u03b5\u03c3\u03c4\u03b9\u03b1\u03c4\u03cc\u03c1\u03b9\u03b1 \u03ba\u03b1\u03b8\u03ce\u03c2 \u03ba\u03b1\u03b9&hellip;<\/p>","protected":false},"author":1,"featured_media":0,"parent":279,"menu_order":3,"comment_status":"closed","ping_status":"closed","template":"","meta":{"footnotes":""},"class_list":["post-282","page","type-page","status-publish","hentry"],"yoast_head":"<!-- This site is optimized with the Yoast SEO plugin v27.0 - https:\/\/yoast.com\/product\/yoast-seo-wordpress\/ -->\n<title>\u03a0\u0399 \u03a7\u03ce\u03c1\u03b1\u03c2 \u039a\u03c5\u03b8\u03ae\u03c1\u03c9\u03bd - \u0393.\u039d.-\u039a.\u03a5. \u039a\u03a5\u0398\u0397\u03a1\u03a9\u039d<\/title>\n<meta name=\"robots\" content=\"index, follow, max-snippet:-1, max-image-preview:large, max-video-preview:-1\" \/>\n<link rel=\"canonical\" href=\"https:\/\/gnk.gov.gr\/fr\/perifereiaka-iatreia\/iatreio-choras\/\" \/>\n<meta property=\"og:locale\" content=\"fr_FR\" \/>\n<meta property=\"og:locale:alternate\" content=\"en_US\" \/>\n<meta property=\"og:locale:alternate\" content=\"de_DE\" \/>\n<meta property=\"og:type\" content=\"article\" \/>\n<meta property=\"og:title\" content=\"\u03a0\u0399 \u03a7\u03ce\u03c1\u03b1\u03c2 \u039a\u03c5\u03b8\u03ae\u03c1\u03c9\u03bd - \u0393.\u039d.-\u039a.\u03a5. \u039a\u03a5\u0398\u0397\u03a1\u03a9\u039d\" \/>\n<meta property=\"og:description\" content=\"\u03a0\u03b5\u03c1\u03b9\u03c6\u03b5\u03c1\u03b5\u03b9\u03b1\u03ba\u03cc \u0399\u03b1\u03c4\u03c1\u03b5\u03af\u03bf \u03a7\u03ce\u03c1\u03b1\u03c2 \u039a\u03c5\u03b8\u03ae\u03c1\u03c9\u03bd &nbsp; &nbsp; \u039f \u03bf\u03b9\u03ba\u03b9\u03c3\u03bc\u03cc\u03c2 \u039a\u03cd\u03b8\u03b7\u03c1\u03b1 (\u03ae \u03a7\u03ce\u03c1\u03b1) \u03b5\u03af\u03bd\u03b1\u03b9 \u03b7 \u03c0\u03c1\u03c9\u03c4\u03b5\u03cd\u03bf\u03c5\u03c3\u03b1 \u03c4\u03bf\u03c5 \u03bd\u03b7\u03c3\u03b9\u03bf\u03cd \u03ba\u03b1\u03b9 \u03b5\u03af\u03bd\u03b1\u03b9 \u03ba\u03b7\u03c1\u03c5\u03b3\u03bc\u03ad\u03bd\u03bf\u03c2 \u03c0\u03b1\u03c1\u03b1\u03b4\u03bf\u03c3\u03b9\u03b1\u03ba\u03cc\u03c2 \u03bf\u03b9\u03ba\u03b9\u03c3\u03bc\u03cc\u03c2. \u0392\u03c1\u03af\u03c3\u03ba\u03b5\u03c4\u03b1\u03b9 \u03c3\u03c4\u03bf \u03bd\u03cc\u03c4\u03b9\u03bf \u03c4\u03bc\u03ae\u03bc\u03b1 \u03c4\u03bf\u03c5 \u03bd\u03b7\u03c3\u03b9\u03bf\u03cd. \u03a4\u03bf \u03b9\u03b1\u03c4\u03c1\u03b5\u03af\u03bf \u03c3\u03c4\u03b5\u03b3\u03ac\u03b6\u03b5\u03c4\u03b1\u03b9 \u03c3\u03c4\u03bf \u03b9\u03c3\u03cc\u03b3\u03b5\u03b9\u03bf \u03b4\u03b9\u03ce\u03c1\u03bf\u03c6\u03bf\u03c5 \u03ba\u03c4\u03b9\u03c1\u03af\u03bf\u03c5. \u03a3\u03c4\u03b1 \u039a\u03cd\u03b8\u03b7\u03c1\u03b1 (\u03a7\u03ce\u03c1\u03b1), \u03c3\u03c4\u03b5\u03b3\u03ac\u03b6\u03b5\u03c4\u03b1\u03b9 \u03c4\u03bf \u0394\u03b7\u03bc\u03b1\u03c1\u03c7\u03b5\u03af\u03bf, \u03c4\u03bf \u03a4\u03b1\u03c7\u03c5\u03b4\u03c1\u03bf\u03bc\u03b5\u03af\u03bf \u03ba\u03b1\u03b9 \u03ac\u03bb\u03bb\u03b5\u03c2 \u03b4\u03b7\u03bc\u03cc\u03c3\u03b9\u03b5\u03c2 \u03c5\u03c0\u03b7\u03c1\u03b5\u03c3\u03af\u03b5\u03c2. \u0395\u03c0\u03af\u03c3\u03b7\u03c2, \u03c5\u03c0\u03ac\u03c1\u03c7\u03bf\u03c5\u03bd \u03c0\u03bf\u03bb\u03bb\u03ac \u03c4\u03bf\u03c5\u03c1\u03b9\u03c3\u03c4\u03b9\u03ba\u03ac \u03bc\u03b1\u03b3\u03b1\u03b6\u03b9\u03ac, \u03ba\u03b1\u03c6\u03ad-\u03bc\u03c0\u03b1\u03c1, \u03b5\u03c3\u03c4\u03b9\u03b1\u03c4\u03cc\u03c1\u03b9\u03b1 \u03ba\u03b1\u03b8\u03ce\u03c2 \u03ba\u03b1\u03b9&hellip;\" \/>\n<meta property=\"og:url\" content=\"https:\/\/gnk.gov.gr\/fr\/perifereiaka-iatreia\/iatreio-choras\/\" \/>\n<meta property=\"og:site_name\" content=\"\u0393.\u039d.-\u039a.\u03a5. \u039a\u03a5\u0398\u0397\u03a1\u03a9\u039d\" \/>\n<meta property=\"article:modified_time\" content=\"2018-08-10T08:39:37+00:00\" \/>\n<meta name=\"twitter:card\" content=\"summary_large_image\" \/>\n<script type=\"application\/ld+json\" class=\"yoast-schema-graph\">{\"@context\":\"https:\/\/schema.org\",\"@graph\":[{\"@type\":\"WebPage\",\"@id\":\"https:\/\/gnk.gov.gr\/fr\/perifereiaka-iatreia\/iatreio-choras\/\",\"url\":\"https:\/\/gnk.gov.gr\/fr\/perifereiaka-iatreia\/iatreio-choras\/\",\"name\":\"\u03a0\u0399 \u03a7\u03ce\u03c1\u03b1\u03c2 \u039a\u03c5\u03b8\u03ae\u03c1\u03c9\u03bd - \u0393.\u039d.-\u039a.\u03a5. \u039a\u03a5\u0398\u0397\u03a1\u03a9\u039d\",\"isPartOf\":{\"@id\":\"https:\/\/gnk.gov.gr\/#website\"},\"datePublished\":\"2018-08-06T09:29:55+00:00\",\"dateModified\":\"2018-08-10T08:39:37+00:00\",\"breadcrumb\":{\"@id\":\"https:\/\/gnk.gov.gr\/fr\/perifereiaka-iatreia\/iatreio-choras\/#breadcrumb\"},\"inLanguage\":\"el\",\"potentialAction\":[{\"@type\":\"ReadAction\",\"target\":[\"https:\/\/gnk.gov.gr\/fr\/perifereiaka-iatreia\/iatreio-choras\/\"]}]},{\"@type\":\"BreadcrumbList\",\"@id\":\"https:\/\/gnk.gov.gr\/fr\/perifereiaka-iatreia\/iatreio-choras\/#breadcrumb\",\"itemListElement\":[{\"@type\":\"ListItem\",\"position\":1,\"name\":\"Home\",\"item\":\"https:\/\/gnk.gov.gr\/fr\/\"},{\"@type\":\"ListItem\",\"position\":2,\"name\":\"\u03a0\u03b5\u03c1\u03b9\u03c6\u03b5\u03c1\u03b5\u03b9\u03b1\u03ba\u03ac \u0399\u03b1\u03c4\u03c1\u03b5\u03af\u03b1\",\"item\":\"https:\/\/gnk.gov.gr\/fr\/perifereiaka-iatreia\/\"},{\"@type\":\"ListItem\",\"position\":3,\"name\":\"\u03a0\u0399 \u03a7\u03ce\u03c1\u03b1\u03c2 \u039a\u03c5\u03b8\u03ae\u03c1\u03c9\u03bd\"}]},{\"@type\":\"WebSite\",\"@id\":\"https:\/\/gnk.gov.gr\/#website\",\"url\":\"https:\/\/gnk.gov.gr\/\",\"name\":\"\u0393.\u039d.-\u039a.\u03a5. \u039a\u03a5\u0398\u0397\u03a1\u03a9\u039d\",\"description\":\"\\\"\u03a4\u03a1\u0399\u03a6\u03a5\u039b\u039b\u0395\u0399\u039f\\\"\",\"publisher\":{\"@id\":\"https:\/\/gnk.gov.gr\/#organization\"},\"potentialAction\":[{\"@type\":\"SearchAction\",\"target\":{\"@type\":\"EntryPoint\",\"urlTemplate\":\"https:\/\/gnk.gov.gr\/?s={search_term_string}\"},\"query-input\":{\"@type\":\"PropertyValueSpecification\",\"valueRequired\":true,\"valueName\":\"search_term_string\"}}],\"inLanguage\":\"el\"},{\"@type\":\"Organization\",\"@id\":\"https:\/\/gnk.gov.gr\/#organization\",\"name\":\"\u0393.\u039d.-\u039a.\u03a5. \u039a\u03a5\u0398\u0397\u03a1\u03a9\u039d\",\"url\":\"https:\/\/gnk.gov.gr\/\",\"logo\":{\"@type\":\"ImageObject\",\"inLanguage\":\"el\",\"@id\":\"https:\/\/gnk.gov.gr\/#\/schema\/logo\/image\/\",\"url\":\"https:\/\/gnk.gov.gr\/wp-content\/uploads\/2018\/08\/cropped-admin-ajax.png\",\"contentUrl\":\"https:\/\/gnk.gov.gr\/wp-content\/uploads\/2018\/08\/cropped-admin-ajax.png\",\"width\":370,\"height\":85,\"caption\":\"\u0393.\u039d.-\u039a.\u03a5. \u039a\u03a5\u0398\u0397\u03a1\u03a9\u039d\"},\"image\":{\"@id\":\"https:\/\/gnk.gov.gr\/#\/schema\/logo\/image\/\"}}]}<\/script>\n<!-- \/ Yoast SEO plugin. -->","yoast_head_json":{"title":"\u03a0\u0399 \u03a7\u03ce\u03c1\u03b1\u03c2 \u039a\u03c5\u03b8\u03ae\u03c1\u03c9\u03bd - \u0393.\u039d.-\u039a.\u03a5. \u039a\u03a5\u0398\u0397\u03a1\u03a9\u039d","robots":{"index":"index","follow":"follow","max-snippet":"max-snippet:-1","max-image-preview":"max-image-preview:large","max-video-preview":"max-video-preview:-1"},"canonical":"https:\/\/gnk.gov.gr\/fr\/perifereiaka-iatreia\/iatreio-choras\/","og_locale":"fr_FR","og_type":"article","og_title":"\u03a0\u0399 \u03a7\u03ce\u03c1\u03b1\u03c2 \u039a\u03c5\u03b8\u03ae\u03c1\u03c9\u03bd - \u0393.\u039d.-\u039a.\u03a5. \u039a\u03a5\u0398\u0397\u03a1\u03a9\u039d","og_description":"\u03a0\u03b5\u03c1\u03b9\u03c6\u03b5\u03c1\u03b5\u03b9\u03b1\u03ba\u03cc \u0399\u03b1\u03c4\u03c1\u03b5\u03af\u03bf \u03a7\u03ce\u03c1\u03b1\u03c2 \u039a\u03c5\u03b8\u03ae\u03c1\u03c9\u03bd &nbsp; &nbsp; \u039f \u03bf\u03b9\u03ba\u03b9\u03c3\u03bc\u03cc\u03c2 \u039a\u03cd\u03b8\u03b7\u03c1\u03b1 (\u03ae \u03a7\u03ce\u03c1\u03b1) \u03b5\u03af\u03bd\u03b1\u03b9 \u03b7 \u03c0\u03c1\u03c9\u03c4\u03b5\u03cd\u03bf\u03c5\u03c3\u03b1 \u03c4\u03bf\u03c5 \u03bd\u03b7\u03c3\u03b9\u03bf\u03cd \u03ba\u03b1\u03b9 \u03b5\u03af\u03bd\u03b1\u03b9 \u03ba\u03b7\u03c1\u03c5\u03b3\u03bc\u03ad\u03bd\u03bf\u03c2 \u03c0\u03b1\u03c1\u03b1\u03b4\u03bf\u03c3\u03b9\u03b1\u03ba\u03cc\u03c2 \u03bf\u03b9\u03ba\u03b9\u03c3\u03bc\u03cc\u03c2. \u0392\u03c1\u03af\u03c3\u03ba\u03b5\u03c4\u03b1\u03b9 \u03c3\u03c4\u03bf \u03bd\u03cc\u03c4\u03b9\u03bf \u03c4\u03bc\u03ae\u03bc\u03b1 \u03c4\u03bf\u03c5 \u03bd\u03b7\u03c3\u03b9\u03bf\u03cd. \u03a4\u03bf \u03b9\u03b1\u03c4\u03c1\u03b5\u03af\u03bf \u03c3\u03c4\u03b5\u03b3\u03ac\u03b6\u03b5\u03c4\u03b1\u03b9 \u03c3\u03c4\u03bf \u03b9\u03c3\u03cc\u03b3\u03b5\u03b9\u03bf \u03b4\u03b9\u03ce\u03c1\u03bf\u03c6\u03bf\u03c5 \u03ba\u03c4\u03b9\u03c1\u03af\u03bf\u03c5. \u03a3\u03c4\u03b1 \u039a\u03cd\u03b8\u03b7\u03c1\u03b1 (\u03a7\u03ce\u03c1\u03b1), \u03c3\u03c4\u03b5\u03b3\u03ac\u03b6\u03b5\u03c4\u03b1\u03b9 \u03c4\u03bf \u0394\u03b7\u03bc\u03b1\u03c1\u03c7\u03b5\u03af\u03bf, \u03c4\u03bf \u03a4\u03b1\u03c7\u03c5\u03b4\u03c1\u03bf\u03bc\u03b5\u03af\u03bf \u03ba\u03b1\u03b9 \u03ac\u03bb\u03bb\u03b5\u03c2 \u03b4\u03b7\u03bc\u03cc\u03c3\u03b9\u03b5\u03c2 \u03c5\u03c0\u03b7\u03c1\u03b5\u03c3\u03af\u03b5\u03c2. \u0395\u03c0\u03af\u03c3\u03b7\u03c2, \u03c5\u03c0\u03ac\u03c1\u03c7\u03bf\u03c5\u03bd \u03c0\u03bf\u03bb\u03bb\u03ac \u03c4\u03bf\u03c5\u03c1\u03b9\u03c3\u03c4\u03b9\u03ba\u03ac \u03bc\u03b1\u03b3\u03b1\u03b6\u03b9\u03ac, \u03ba\u03b1\u03c6\u03ad-\u03bc\u03c0\u03b1\u03c1, \u03b5\u03c3\u03c4\u03b9\u03b1\u03c4\u03cc\u03c1\u03b9\u03b1 \u03ba\u03b1\u03b8\u03ce\u03c2 \u03ba\u03b1\u03b9&hellip;","og_url":"https:\/\/gnk.gov.gr\/fr\/perifereiaka-iatreia\/iatreio-choras\/","og_site_name":"\u0393.\u039d.-\u039a.\u03a5. \u039a\u03a5\u0398\u0397\u03a1\u03a9\u039d","article_modified_time":"2018-08-10T08:39:37+00:00","twitter_card":"summary_large_image","schema":{"@context":"https:\/\/schema.org","@graph":[{"@type":"WebPage","@id":"https:\/\/gnk.gov.gr\/fr\/perifereiaka-iatreia\/iatreio-choras\/","url":"https:\/\/gnk.gov.gr\/fr\/perifereiaka-iatreia\/iatreio-choras\/","name":"\u03a0\u0399 \u03a7\u03ce\u03c1\u03b1\u03c2 \u039a\u03c5\u03b8\u03ae\u03c1\u03c9\u03bd - \u0393.\u039d.-\u039a.\u03a5. \u039a\u03a5\u0398\u0397\u03a1\u03a9\u039d","isPartOf":{"@id":"https:\/\/gnk.gov.gr\/#website"},"datePublished":"2018-08-06T09:29:55+00:00","dateModified":"2018-08-10T08:39:37+00:00","breadcrumb":{"@id":"https:\/\/gnk.gov.gr\/fr\/perifereiaka-iatreia\/iatreio-choras\/#breadcrumb"},"inLanguage":"el","potentialAction":[{"@type":"ReadAction","target":["https:\/\/gnk.gov.gr\/fr\/perifereiaka-iatreia\/iatreio-choras\/"]}]},{"@type":"BreadcrumbList","@id":"https:\/\/gnk.gov.gr\/fr\/perifereiaka-iatreia\/iatreio-choras\/#breadcrumb","itemListElement":[{"@type":"ListItem","position":1,"name":"Home","item":"https:\/\/gnk.gov.gr\/fr\/"},{"@type":"ListItem","position":2,"name":"\u03a0\u03b5\u03c1\u03b9\u03c6\u03b5\u03c1\u03b5\u03b9\u03b1\u03ba\u03ac \u0399\u03b1\u03c4\u03c1\u03b5\u03af\u03b1","item":"https:\/\/gnk.gov.gr\/fr\/perifereiaka-iatreia\/"},{"@type":"ListItem","position":3,"name":"\u03a0\u0399 \u03a7\u03ce\u03c1\u03b1\u03c2 \u039a\u03c5\u03b8\u03ae\u03c1\u03c9\u03bd"}]},{"@type":"WebSite","@id":"https:\/\/gnk.gov.gr\/#website","url":"https:\/\/gnk.gov.gr\/","name":"\u0393.\u039d.-\u039a.\u03a5. \u039a\u03a5\u0398\u0397\u03a1\u03a9\u039d","description":"\"\\u03a4\\u03a1\\u0399\\u03a6\\u03a5\\u039b\\u039b\\u0395\\u0399\\u039f\"","publisher":{"@id":"https:\/\/gnk.gov.gr\/#organization"},"potentialAction":[{"@type":"SearchAction","target":{"@type":"EntryPoint","urlTemplate":"https:\/\/gnk.gov.gr\/?s={search_term_string}"},"query-input":{"@type":"PropertyValueSpecification","valueRequired":true,"valueName":"search_term_string"}}],"inLanguage":"el"},{"@type":"Organization","@id":"https:\/\/gnk.gov.gr\/#organization","name":"\u0393.\u039d.-\u039a.\u03a5. \u039a\u03a5\u0398\u0397\u03a1\u03a9\u039d","url":"https:\/\/gnk.gov.gr\/","logo":{"@type":"ImageObject","inLanguage":"el","@id":"https:\/\/gnk.gov.gr\/#\/schema\/logo\/image\/","url":"https:\/\/gnk.gov.gr\/wp-content\/uploads\/2018\/08\/cropped-admin-ajax.png","contentUrl":"https:\/\/gnk.gov.gr\/wp-content\/uploads\/2018\/08\/cropped-admin-ajax.png","width":370,"height":85,"caption":"\u0393.\u039d.-\u039a.\u03a5. \u039a\u03a5\u0398\u0397\u03a1\u03a9\u039d"},"image":{"@id":"https:\/\/gnk.gov.gr\/#\/schema\/logo\/image\/"}}]}},"_links":{"self":[{"href":"https:\/\/gnk.gov.gr\/fr\/wp-json\/wp\/v2\/pages\/282","targetHints":{"allow":["GET"]}}],"collection":[{"href":"https:\/\/gnk.gov.gr\/fr\/wp-json\/wp\/v2\/pages"}],"about":[{"href":"https:\/\/gnk.gov.gr\/fr\/wp-json\/wp\/v2\/types\/page"}],"author":[{"embeddable":true,"href":"https:\/\/gnk.gov.gr\/fr\/wp-json\/wp\/v2\/users\/1"}],"replies":[{"embeddable":true,"href":"https:\/\/gnk.gov.gr\/fr\/wp-json\/wp\/v2\/comments?post=282"}],"version-history":[{"count":7,"href":"https:\/\/gnk.gov.gr\/fr\/wp-json\/wp\/v2\/pages\/282\/revisions"}],"predecessor-version":[{"id":548,"href":"https:\/\/gnk.gov.gr\/fr\/wp-json\/wp\/v2\/pages\/282\/revisions\/548"}],"up":[{"embeddable":true,"href":"https:\/\/gnk.gov.gr\/fr\/wp-json\/wp\/v2\/pages\/279"}],"wp:attachment":[{"href":"https:\/\/gnk.gov.gr\/fr\/wp-json\/wp\/v2\/media?parent=282"}],"curies":[{"name":"wp","href":"https:\/\/api.w.org\/{rel}","templated":true}]}}