{"id":280,"date":"2018-08-06T11:29:55","date_gmt":"2018-08-06T09:29:55","guid":{"rendered":"http:\/\/www.gnk.gov.gr\/?page_id=280"},"modified":"2018-08-10T10:50:25","modified_gmt":"2018-08-10T08:50:25","slug":"iatreio-antikithiron","status":"publish","type":"page","link":"https:\/\/gnk.gov.gr\/fr\/perifereiaka-iatreia\/iatreio-antikithiron\/","title":{"rendered":"Station M\u00e9dicaux Provinciale d\u2019Anticyth\u00e8re"},"content":{"rendered":"<h1 style=\"text-align: center;\">Station M\u00e9dicaux Provinciale d'Anticyth\u00e8re<\/h1>\n<p>&nbsp;<\/p>\n<p>&nbsp;<\/p>\n<p style=\"text-align: center;\"><img loading=\"lazy\" decoding=\"async\" class=\"wp-image-364 alignleft\" src=\"https:\/\/www.gnk.gov.gr\/wp-content\/uploads\/2018\/08\/Antikythera_Mechanism.jpg\" alt=\"\" width=\"250\" height=\"183\" srcset=\"https:\/\/gnk.gov.gr\/wp-content\/uploads\/2018\/08\/Antikythera_Mechanism.jpg 320w, https:\/\/gnk.gov.gr\/wp-content\/uploads\/2018\/08\/Antikythera_Mechanism-300x220.jpg 300w\" sizes=\"auto, (max-width: 250px) 100vw, 250px\" \/><\/p>\n<p>&nbsp;<\/p>\n<p style=\"text-align: center;\">Anticyth\u00e8re ou Tsirigoto (du \"Cerigotto\" v\u00e9nitien), ou Cecerigo, aussi appel\u00e9e \"Aegila\" dans l\u2019Antiquit\u00e9, \u00e9tait une \u00eele de grande importance strat\u00e9gique, situ\u00e9e entre Cyth\u00e8re et Cr\u00e8te. Dans une ancienne \u00e9pave pr\u00e8s de l\u2019\u00eele, des arch\u00e9ologues ont trouv\u00e9 la c\u00e9l\u00e8bre statue de l\u2019\u00e9ph\u00e8be d\u2019Anticyth\u00e8re, ainsi que le m\u00e9canisme d\u2019Anticyth\u00e8re, un m\u00e9canisme complexe de navigation qui ressemble \u00e0 un astrolabe. Alors que les fouilles arch\u00e9ologiques se poursuivent sur l\u2019\u00eele, des tr\u00e9sors anciens et byzantins sont constamment d\u00e9couverts. En outre, la Soci\u00e9t\u00e9 ornithologique hell\u00e9nique et l\u2019Observatoire national d\u2019Ath\u00e8nes ont \u00e9tabli leurs centres de recherche sur l\u2019\u00eele.<\/p>\n<p>&nbsp;<\/p>\n<p>&nbsp;<\/p>\n<p style=\"text-align: center;\">L\u2019\u00eele a un h\u00e9liport et des chambres \u00e0 louer. Son patron est Saint Myron, qui est comm\u00e9mor\u00e9 les 16 et 17 ao\u00fbt de chaque ann\u00e9e. L\u2019\u00eele compte 44 habitants, un nombre qui augmente pendant l\u2019\u00e9t\u00e9 en raison des touristes. Sur le plan administratif, Anticyth\u00e8re, avec Cyth\u00e8re, appartient \u00e0 la r\u00e9gion de l\u2019Attique.<\/p>\n<p style=\"text-align: center;\"><img loading=\"lazy\" decoding=\"async\" class=\"aligncenter size-full wp-image-366\" src=\"https:\/\/www.gnk.gov.gr\/wp-content\/uploads\/2018\/08\/navagio.jpg\" alt=\"\" width=\"600\" height=\"202\" srcset=\"https:\/\/gnk.gov.gr\/wp-content\/uploads\/2018\/08\/navagio.jpg 600w, https:\/\/gnk.gov.gr\/wp-content\/uploads\/2018\/08\/navagio-300x101.jpg 300w\" sizes=\"auto, (max-width: 600px) 100vw, 600px\" \/><\/p>\n<p>&nbsp;<\/p>\n<p style=\"text-align: center;\">De grands efforts ont \u00e9t\u00e9 faits pour sauver les monuments arch\u00e9ologiques de l\u2019\u00eele. Un grand groupe arch\u00e9ologique du minist\u00e8re de la Culture (\u00c9phorat des Antiquit\u00e9s) effectue des fouilles tout en guidant les visiteurs vers les sites arch\u00e9ologiques de l\u2019\u00eele. En outre, la Soci\u00e9t\u00e9 ornithologique hell\u00e9nique surveille en permanence les 250 esp\u00e8ces d\u2019oiseaux qui ont \u00e9t\u00e9 enregistr\u00e9es sur Anticyth\u00e8re et les \u00eelots environnants.<\/p>\n<p>&nbsp;<\/p>\n<p style=\"text-align: center;\"><img loading=\"lazy\" decoding=\"async\" class=\"wp-image-365 alignleft\" src=\"https:\/\/www.gnk.gov.gr\/wp-content\/uploads\/2018\/08\/antikythira-680x365.jpg\" alt=\"\" width=\"293\" height=\"157\" srcset=\"https:\/\/gnk.gov.gr\/wp-content\/uploads\/2018\/08\/antikythira-680x365.jpg 680w, https:\/\/gnk.gov.gr\/wp-content\/uploads\/2018\/08\/antikythira-680x365-300x161.jpg 300w\" sizes=\"auto, (max-width: 293px) 100vw, 293px\" \/><\/p>\n<p>&nbsp;<\/p>\n<p style=\"text-align: center;\">Deux ferries relient Anticyth\u00e8re \u00e0 Cyth\u00e8re (3 fois par semaine), au Pir\u00e9e (une fois par semaine) et en Cr\u00e8te (une fois par semaine). La clinique communautaire est situ\u00e9e au rez-de-chauss\u00e9e d\u2019un b\u00e2timent dans lequel se trouve \u00e9galement une pi\u00e8ce ind\u00e9pendante pour la r\u00e9sidence du m\u00e9decin. Enfin, il y a un poste de police sur l\u2019\u00eele.<\/p>\n<p>&nbsp;<\/p>\n<p>&nbsp;<\/p>\n<p>&nbsp;<\/p>\n<hr \/>\n<p>&nbsp;<\/p>\n<p>&nbsp;<\/p>\n<p style=\"text-align: center;\"><iframe loading=\"lazy\" style=\"border: 0;\" src=\"https:\/\/www.google.com\/maps\/embed?pb=!1m18!1m12!1m3!1d311.5048863181146!2d23.29129082311016!3d35.8826360868555!2m3!1f238.12500000000003!2f33.299236798289144!3f0!3m2!1i1024!2i768!4f35!3m3!1m2!1s0x0%3A0x0!2zMzXCsDUyJzU0LjUiTiAyM8KwMTcnMjAuMiJF!5e1!3m2!1sen!2sus!4v1533890023288\" width=\"600\" height=\"450\" frameborder=\"0\" allowfullscreen=\"allowfullscreen\"><\/iframe><\/p>","protected":false},"excerpt":{"rendered":"<p>\u03a0\u03b5\u03c1\u03b9\u03c6\u03b5\u03c1\u03b5\u03b9\u03b1\u03ba\u03cc \u0399\u03b1\u03c4\u03c1\u03b5\u03af\u03bf \u0391\u03bd\u03c4\u03b9\u03ba\u03c5\u03b8\u03ae\u03c1\u03c9\u03bd &nbsp; &nbsp; &nbsp; \u03a4\u03b1 \u0391\u03bd\u03c4\u03b9\u03ba\u03cd\u03b8\u03b7\u03c1\u03b1 \u03ae \u03a4\u03c3\u03b9\u03c1\u03b9\u03b3\u03cc\u03c4\u03bf (\u03b5\u03ba \u03c4\u03bf\u03c5 \u03b5\u03bd\u03b5\u03c4\u03b9\u03ba\u03bf\u03cd Cerigotto), \u03ae Cecerigo, \u03c3\u03c4\u03b7\u03bd \u03b1\u03c1\u03c7\u03b1\u03b9\u03cc\u03c4\u03b7\u03c4\u03b1 \u03b7 \u0391\u03af\u03b3\u03b9\u03bb\u03b1, \u03ad\u03bd\u03b1 \u03bd\u03b7\u03c3\u03af \u03bc\u03b5\u03b3\u03ac\u03bb\u03b7\u03c2 \u03c3\u03c4\u03c1\u03b1\u03c4\u03b7\u03b3\u03b9\u03ba\u03ae\u03c2 \u03c3\u03b7\u03bc\u03b1\u03c3\u03af\u03b1\u03c2 \u03c3\u03c4\u03bf \u03c0\u03ad\u03c1\u03b1\u03c3\u03bc\u03b1 \u03b1\u03bd\u03ac\u03bc\u03b5\u03c3\u03b1 \u03c3\u03c4\u03b1 \u039a\u03cd\u03b8\u03b7\u03c1\u03b1 \u03ba\u03b1\u03b9 \u03c4\u03b7\u03bd \u039a\u03c1\u03ae\u03c4\u03b7. \u03a3\u03b5 \u03b1\u03c1\u03c7\u03b1\u03af\u03bf \u03bd\u03b1\u03c5\u03ac\u03b3\u03b9\u03bf \u03c4\u03bf\u03c5 \u03bd\u03b7\u03c3\u03b9\u03bf\u03cd \u03b2\u03c1\u03ad\u03b8\u03b7\u03ba\u03b5 \u03bf \u0388\u03c6\u03b7\u03b2\u03bf\u03c2 \u03c4\u03c9\u03bd \u0391\u03bd\u03c4\u03b9\u03ba\u03c5\u03b8\u03ae\u03c1\u03c9\u03bd \u03ba\u03b1\u03b9 \u03bf \u03bc\u03b7\u03c7\u03b1\u03bd\u03b9\u03c3\u03bc\u03cc\u03c2 \u03c4\u03c9\u03bd \u0391\u03bd\u03c4\u03b9\u03ba\u03c5\u03b8\u03ae\u03c1\u03c9\u03bd, \u03ad\u03bd\u03b1\u03c2 \u03c0\u03bf\u03bb\u03cd\u03c0\u03bb\u03bf\u03ba\u03bf\u03c2 \u03bc\u03b7\u03c7\u03b1\u03bd\u03b9\u03c3\u03bc\u03cc\u03c2 \u03b3\u03b9\u03b1 \u03c4\u03b7 \u03bd\u03b1\u03c5\u03c3\u03b9\u03c0\u03bb\u03bf\u0390\u03b1, \u03c3\u03b1\u03bd&hellip;<\/p>","protected":false},"author":1,"featured_media":0,"parent":279,"menu_order":1,"comment_status":"closed","ping_status":"closed","template":"","meta":{"footnotes":""},"class_list":["post-280","page","type-page","status-publish","hentry"],"yoast_head":"<!-- This site is optimized with the Yoast SEO plugin v27.0 - https:\/\/yoast.com\/product\/yoast-seo-wordpress\/ -->\n<title>\u03a0\u0399 \u0391\u03bd\u03c4\u03b9\u03ba\u03c5\u03b8\u03ae\u03c1\u03c9\u03bd - \u0393.\u039d.-\u039a.\u03a5. \u039a\u03a5\u0398\u0397\u03a1\u03a9\u039d<\/title>\n<meta name=\"robots\" content=\"index, follow, max-snippet:-1, max-image-preview:large, max-video-preview:-1\" \/>\n<link rel=\"canonical\" href=\"https:\/\/gnk.gov.gr\/fr\/perifereiaka-iatreia\/iatreio-antikithiron\/\" \/>\n<meta property=\"og:locale\" content=\"fr_FR\" \/>\n<meta property=\"og:locale:alternate\" content=\"en_US\" \/>\n<meta property=\"og:locale:alternate\" content=\"de_DE\" \/>\n<meta property=\"og:type\" content=\"article\" \/>\n<meta property=\"og:title\" content=\"\u03a0\u0399 \u0391\u03bd\u03c4\u03b9\u03ba\u03c5\u03b8\u03ae\u03c1\u03c9\u03bd - \u0393.\u039d.-\u039a.\u03a5. \u039a\u03a5\u0398\u0397\u03a1\u03a9\u039d\" \/>\n<meta property=\"og:description\" content=\"\u03a0\u03b5\u03c1\u03b9\u03c6\u03b5\u03c1\u03b5\u03b9\u03b1\u03ba\u03cc \u0399\u03b1\u03c4\u03c1\u03b5\u03af\u03bf \u0391\u03bd\u03c4\u03b9\u03ba\u03c5\u03b8\u03ae\u03c1\u03c9\u03bd &nbsp; &nbsp; &nbsp; \u03a4\u03b1 \u0391\u03bd\u03c4\u03b9\u03ba\u03cd\u03b8\u03b7\u03c1\u03b1 \u03ae \u03a4\u03c3\u03b9\u03c1\u03b9\u03b3\u03cc\u03c4\u03bf (\u03b5\u03ba \u03c4\u03bf\u03c5 \u03b5\u03bd\u03b5\u03c4\u03b9\u03ba\u03bf\u03cd Cerigotto), \u03ae Cecerigo, \u03c3\u03c4\u03b7\u03bd \u03b1\u03c1\u03c7\u03b1\u03b9\u03cc\u03c4\u03b7\u03c4\u03b1 \u03b7 \u0391\u03af\u03b3\u03b9\u03bb\u03b1, \u03ad\u03bd\u03b1 \u03bd\u03b7\u03c3\u03af \u03bc\u03b5\u03b3\u03ac\u03bb\u03b7\u03c2 \u03c3\u03c4\u03c1\u03b1\u03c4\u03b7\u03b3\u03b9\u03ba\u03ae\u03c2 \u03c3\u03b7\u03bc\u03b1\u03c3\u03af\u03b1\u03c2 \u03c3\u03c4\u03bf \u03c0\u03ad\u03c1\u03b1\u03c3\u03bc\u03b1 \u03b1\u03bd\u03ac\u03bc\u03b5\u03c3\u03b1 \u03c3\u03c4\u03b1 \u039a\u03cd\u03b8\u03b7\u03c1\u03b1 \u03ba\u03b1\u03b9 \u03c4\u03b7\u03bd \u039a\u03c1\u03ae\u03c4\u03b7. \u03a3\u03b5 \u03b1\u03c1\u03c7\u03b1\u03af\u03bf \u03bd\u03b1\u03c5\u03ac\u03b3\u03b9\u03bf \u03c4\u03bf\u03c5 \u03bd\u03b7\u03c3\u03b9\u03bf\u03cd \u03b2\u03c1\u03ad\u03b8\u03b7\u03ba\u03b5 \u03bf \u0388\u03c6\u03b7\u03b2\u03bf\u03c2 \u03c4\u03c9\u03bd \u0391\u03bd\u03c4\u03b9\u03ba\u03c5\u03b8\u03ae\u03c1\u03c9\u03bd \u03ba\u03b1\u03b9 \u03bf \u03bc\u03b7\u03c7\u03b1\u03bd\u03b9\u03c3\u03bc\u03cc\u03c2 \u03c4\u03c9\u03bd \u0391\u03bd\u03c4\u03b9\u03ba\u03c5\u03b8\u03ae\u03c1\u03c9\u03bd, \u03ad\u03bd\u03b1\u03c2 \u03c0\u03bf\u03bb\u03cd\u03c0\u03bb\u03bf\u03ba\u03bf\u03c2 \u03bc\u03b7\u03c7\u03b1\u03bd\u03b9\u03c3\u03bc\u03cc\u03c2 \u03b3\u03b9\u03b1 \u03c4\u03b7 \u03bd\u03b1\u03c5\u03c3\u03b9\u03c0\u03bb\u03bf\u0390\u03b1, \u03c3\u03b1\u03bd&hellip;\" \/>\n<meta property=\"og:url\" content=\"https:\/\/gnk.gov.gr\/fr\/perifereiaka-iatreia\/iatreio-antikithiron\/\" \/>\n<meta property=\"og:site_name\" content=\"\u0393.\u039d.-\u039a.\u03a5. \u039a\u03a5\u0398\u0397\u03a1\u03a9\u039d\" \/>\n<meta property=\"article:modified_time\" content=\"2018-08-10T08:50:25+00:00\" \/>\n<meta property=\"og:image\" content=\"https:\/\/www.gnk.gov.gr\/wp-content\/uploads\/2018\/08\/Antikythera_Mechanism.jpg\" \/>\n<meta name=\"twitter:card\" content=\"summary_large_image\" \/>\n<script type=\"application\/ld+json\" class=\"yoast-schema-graph\">{\"@context\":\"https:\/\/schema.org\",\"@graph\":[{\"@type\":\"WebPage\",\"@id\":\"https:\/\/gnk.gov.gr\/fr\/perifereiaka-iatreia\/iatreio-antikithiron\/\",\"url\":\"https:\/\/gnk.gov.gr\/fr\/perifereiaka-iatreia\/iatreio-antikithiron\/\",\"name\":\"\u03a0\u0399 \u0391\u03bd\u03c4\u03b9\u03ba\u03c5\u03b8\u03ae\u03c1\u03c9\u03bd - \u0393.\u039d.-\u039a.\u03a5. \u039a\u03a5\u0398\u0397\u03a1\u03a9\u039d\",\"isPartOf\":{\"@id\":\"https:\/\/gnk.gov.gr\/#website\"},\"primaryImageOfPage\":{\"@id\":\"https:\/\/gnk.gov.gr\/fr\/perifereiaka-iatreia\/iatreio-antikithiron\/#primaryimage\"},\"image\":{\"@id\":\"https:\/\/gnk.gov.gr\/fr\/perifereiaka-iatreia\/iatreio-antikithiron\/#primaryimage\"},\"thumbnailUrl\":\"https:\/\/www.gnk.gov.gr\/wp-content\/uploads\/2018\/08\/Antikythera_Mechanism.jpg\",\"datePublished\":\"2018-08-06T09:29:55+00:00\",\"dateModified\":\"2018-08-10T08:50:25+00:00\",\"breadcrumb\":{\"@id\":\"https:\/\/gnk.gov.gr\/fr\/perifereiaka-iatreia\/iatreio-antikithiron\/#breadcrumb\"},\"inLanguage\":\"el\",\"potentialAction\":[{\"@type\":\"ReadAction\",\"target\":[\"https:\/\/gnk.gov.gr\/fr\/perifereiaka-iatreia\/iatreio-antikithiron\/\"]}]},{\"@type\":\"ImageObject\",\"inLanguage\":\"el\",\"@id\":\"https:\/\/gnk.gov.gr\/fr\/perifereiaka-iatreia\/iatreio-antikithiron\/#primaryimage\",\"url\":\"https:\/\/www.gnk.gov.gr\/wp-content\/uploads\/2018\/08\/Antikythera_Mechanism.jpg\",\"contentUrl\":\"https:\/\/www.gnk.gov.gr\/wp-content\/uploads\/2018\/08\/Antikythera_Mechanism.jpg\"},{\"@type\":\"BreadcrumbList\",\"@id\":\"https:\/\/gnk.gov.gr\/fr\/perifereiaka-iatreia\/iatreio-antikithiron\/#breadcrumb\",\"itemListElement\":[{\"@type\":\"ListItem\",\"position\":1,\"name\":\"Home\",\"item\":\"https:\/\/gnk.gov.gr\/fr\/\"},{\"@type\":\"ListItem\",\"position\":2,\"name\":\"\u03a0\u03b5\u03c1\u03b9\u03c6\u03b5\u03c1\u03b5\u03b9\u03b1\u03ba\u03ac \u0399\u03b1\u03c4\u03c1\u03b5\u03af\u03b1\",\"item\":\"https:\/\/gnk.gov.gr\/fr\/perifereiaka-iatreia\/\"},{\"@type\":\"ListItem\",\"position\":3,\"name\":\"\u03a0\u0399 \u0391\u03bd\u03c4\u03b9\u03ba\u03c5\u03b8\u03ae\u03c1\u03c9\u03bd\"}]},{\"@type\":\"WebSite\",\"@id\":\"https:\/\/gnk.gov.gr\/#website\",\"url\":\"https:\/\/gnk.gov.gr\/\",\"name\":\"\u0393.\u039d.-\u039a.\u03a5. \u039a\u03a5\u0398\u0397\u03a1\u03a9\u039d\",\"description\":\"\\\"\u03a4\u03a1\u0399\u03a6\u03a5\u039b\u039b\u0395\u0399\u039f\\\"\",\"publisher\":{\"@id\":\"https:\/\/gnk.gov.gr\/#organization\"},\"potentialAction\":[{\"@type\":\"SearchAction\",\"target\":{\"@type\":\"EntryPoint\",\"urlTemplate\":\"https:\/\/gnk.gov.gr\/?s={search_term_string}\"},\"query-input\":{\"@type\":\"PropertyValueSpecification\",\"valueRequired\":true,\"valueName\":\"search_term_string\"}}],\"inLanguage\":\"el\"},{\"@type\":\"Organization\",\"@id\":\"https:\/\/gnk.gov.gr\/#organization\",\"name\":\"\u0393.\u039d.-\u039a.\u03a5. \u039a\u03a5\u0398\u0397\u03a1\u03a9\u039d\",\"url\":\"https:\/\/gnk.gov.gr\/\",\"logo\":{\"@type\":\"ImageObject\",\"inLanguage\":\"el\",\"@id\":\"https:\/\/gnk.gov.gr\/#\/schema\/logo\/image\/\",\"url\":\"https:\/\/gnk.gov.gr\/wp-content\/uploads\/2018\/08\/cropped-admin-ajax.png\",\"contentUrl\":\"https:\/\/gnk.gov.gr\/wp-content\/uploads\/2018\/08\/cropped-admin-ajax.png\",\"width\":370,\"height\":85,\"caption\":\"\u0393.\u039d.-\u039a.\u03a5. \u039a\u03a5\u0398\u0397\u03a1\u03a9\u039d\"},\"image\":{\"@id\":\"https:\/\/gnk.gov.gr\/#\/schema\/logo\/image\/\"}}]}<\/script>\n<!-- \/ Yoast SEO plugin. -->","yoast_head_json":{"title":"\u03a0\u0399 \u0391\u03bd\u03c4\u03b9\u03ba\u03c5\u03b8\u03ae\u03c1\u03c9\u03bd - \u0393.\u039d.-\u039a.\u03a5. \u039a\u03a5\u0398\u0397\u03a1\u03a9\u039d","robots":{"index":"index","follow":"follow","max-snippet":"max-snippet:-1","max-image-preview":"max-image-preview:large","max-video-preview":"max-video-preview:-1"},"canonical":"https:\/\/gnk.gov.gr\/fr\/perifereiaka-iatreia\/iatreio-antikithiron\/","og_locale":"fr_FR","og_type":"article","og_title":"\u03a0\u0399 \u0391\u03bd\u03c4\u03b9\u03ba\u03c5\u03b8\u03ae\u03c1\u03c9\u03bd - \u0393.\u039d.-\u039a.\u03a5. \u039a\u03a5\u0398\u0397\u03a1\u03a9\u039d","og_description":"\u03a0\u03b5\u03c1\u03b9\u03c6\u03b5\u03c1\u03b5\u03b9\u03b1\u03ba\u03cc \u0399\u03b1\u03c4\u03c1\u03b5\u03af\u03bf \u0391\u03bd\u03c4\u03b9\u03ba\u03c5\u03b8\u03ae\u03c1\u03c9\u03bd &nbsp; &nbsp; &nbsp; \u03a4\u03b1 \u0391\u03bd\u03c4\u03b9\u03ba\u03cd\u03b8\u03b7\u03c1\u03b1 \u03ae \u03a4\u03c3\u03b9\u03c1\u03b9\u03b3\u03cc\u03c4\u03bf (\u03b5\u03ba \u03c4\u03bf\u03c5 \u03b5\u03bd\u03b5\u03c4\u03b9\u03ba\u03bf\u03cd Cerigotto), \u03ae Cecerigo, \u03c3\u03c4\u03b7\u03bd \u03b1\u03c1\u03c7\u03b1\u03b9\u03cc\u03c4\u03b7\u03c4\u03b1 \u03b7 \u0391\u03af\u03b3\u03b9\u03bb\u03b1, \u03ad\u03bd\u03b1 \u03bd\u03b7\u03c3\u03af \u03bc\u03b5\u03b3\u03ac\u03bb\u03b7\u03c2 \u03c3\u03c4\u03c1\u03b1\u03c4\u03b7\u03b3\u03b9\u03ba\u03ae\u03c2 \u03c3\u03b7\u03bc\u03b1\u03c3\u03af\u03b1\u03c2 \u03c3\u03c4\u03bf \u03c0\u03ad\u03c1\u03b1\u03c3\u03bc\u03b1 \u03b1\u03bd\u03ac\u03bc\u03b5\u03c3\u03b1 \u03c3\u03c4\u03b1 \u039a\u03cd\u03b8\u03b7\u03c1\u03b1 \u03ba\u03b1\u03b9 \u03c4\u03b7\u03bd \u039a\u03c1\u03ae\u03c4\u03b7. \u03a3\u03b5 \u03b1\u03c1\u03c7\u03b1\u03af\u03bf \u03bd\u03b1\u03c5\u03ac\u03b3\u03b9\u03bf \u03c4\u03bf\u03c5 \u03bd\u03b7\u03c3\u03b9\u03bf\u03cd \u03b2\u03c1\u03ad\u03b8\u03b7\u03ba\u03b5 \u03bf \u0388\u03c6\u03b7\u03b2\u03bf\u03c2 \u03c4\u03c9\u03bd \u0391\u03bd\u03c4\u03b9\u03ba\u03c5\u03b8\u03ae\u03c1\u03c9\u03bd \u03ba\u03b1\u03b9 \u03bf \u03bc\u03b7\u03c7\u03b1\u03bd\u03b9\u03c3\u03bc\u03cc\u03c2 \u03c4\u03c9\u03bd \u0391\u03bd\u03c4\u03b9\u03ba\u03c5\u03b8\u03ae\u03c1\u03c9\u03bd, \u03ad\u03bd\u03b1\u03c2 \u03c0\u03bf\u03bb\u03cd\u03c0\u03bb\u03bf\u03ba\u03bf\u03c2 \u03bc\u03b7\u03c7\u03b1\u03bd\u03b9\u03c3\u03bc\u03cc\u03c2 \u03b3\u03b9\u03b1 \u03c4\u03b7 \u03bd\u03b1\u03c5\u03c3\u03b9\u03c0\u03bb\u03bf\u0390\u03b1, \u03c3\u03b1\u03bd&hellip;","og_url":"https:\/\/gnk.gov.gr\/fr\/perifereiaka-iatreia\/iatreio-antikithiron\/","og_site_name":"\u0393.\u039d.-\u039a.\u03a5. \u039a\u03a5\u0398\u0397\u03a1\u03a9\u039d","article_modified_time":"2018-08-10T08:50:25+00:00","og_image":[{"url":"https:\/\/www.gnk.gov.gr\/wp-content\/uploads\/2018\/08\/Antikythera_Mechanism.jpg","type":"","width":"","height":""}],"twitter_card":"summary_large_image","schema":{"@context":"https:\/\/schema.org","@graph":[{"@type":"WebPage","@id":"https:\/\/gnk.gov.gr\/fr\/perifereiaka-iatreia\/iatreio-antikithiron\/","url":"https:\/\/gnk.gov.gr\/fr\/perifereiaka-iatreia\/iatreio-antikithiron\/","name":"\u03a0\u0399 \u0391\u03bd\u03c4\u03b9\u03ba\u03c5\u03b8\u03ae\u03c1\u03c9\u03bd - \u0393.\u039d.-\u039a.\u03a5. \u039a\u03a5\u0398\u0397\u03a1\u03a9\u039d","isPartOf":{"@id":"https:\/\/gnk.gov.gr\/#website"},"primaryImageOfPage":{"@id":"https:\/\/gnk.gov.gr\/fr\/perifereiaka-iatreia\/iatreio-antikithiron\/#primaryimage"},"image":{"@id":"https:\/\/gnk.gov.gr\/fr\/perifereiaka-iatreia\/iatreio-antikithiron\/#primaryimage"},"thumbnailUrl":"https:\/\/www.gnk.gov.gr\/wp-content\/uploads\/2018\/08\/Antikythera_Mechanism.jpg","datePublished":"2018-08-06T09:29:55+00:00","dateModified":"2018-08-10T08:50:25+00:00","breadcrumb":{"@id":"https:\/\/gnk.gov.gr\/fr\/perifereiaka-iatreia\/iatreio-antikithiron\/#breadcrumb"},"inLanguage":"el","potentialAction":[{"@type":"ReadAction","target":["https:\/\/gnk.gov.gr\/fr\/perifereiaka-iatreia\/iatreio-antikithiron\/"]}]},{"@type":"ImageObject","inLanguage":"el","@id":"https:\/\/gnk.gov.gr\/fr\/perifereiaka-iatreia\/iatreio-antikithiron\/#primaryimage","url":"https:\/\/www.gnk.gov.gr\/wp-content\/uploads\/2018\/08\/Antikythera_Mechanism.jpg","contentUrl":"https:\/\/www.gnk.gov.gr\/wp-content\/uploads\/2018\/08\/Antikythera_Mechanism.jpg"},{"@type":"BreadcrumbList","@id":"https:\/\/gnk.gov.gr\/fr\/perifereiaka-iatreia\/iatreio-antikithiron\/#breadcrumb","itemListElement":[{"@type":"ListItem","position":1,"name":"Home","item":"https:\/\/gnk.gov.gr\/fr\/"},{"@type":"ListItem","position":2,"name":"\u03a0\u03b5\u03c1\u03b9\u03c6\u03b5\u03c1\u03b5\u03b9\u03b1\u03ba\u03ac \u0399\u03b1\u03c4\u03c1\u03b5\u03af\u03b1","item":"https:\/\/gnk.gov.gr\/fr\/perifereiaka-iatreia\/"},{"@type":"ListItem","position":3,"name":"\u03a0\u0399 \u0391\u03bd\u03c4\u03b9\u03ba\u03c5\u03b8\u03ae\u03c1\u03c9\u03bd"}]},{"@type":"WebSite","@id":"https:\/\/gnk.gov.gr\/#website","url":"https:\/\/gnk.gov.gr\/","name":"\u0393.\u039d.-\u039a.\u03a5. \u039a\u03a5\u0398\u0397\u03a1\u03a9\u039d","description":"\"\\u03a4\\u03a1\\u0399\\u03a6\\u03a5\\u039b\\u039b\\u0395\\u0399\\u039f\"","publisher":{"@id":"https:\/\/gnk.gov.gr\/#organization"},"potentialAction":[{"@type":"SearchAction","target":{"@type":"EntryPoint","urlTemplate":"https:\/\/gnk.gov.gr\/?s={search_term_string}"},"query-input":{"@type":"PropertyValueSpecification","valueRequired":true,"valueName":"search_term_string"}}],"inLanguage":"el"},{"@type":"Organization","@id":"https:\/\/gnk.gov.gr\/#organization","name":"\u0393.\u039d.-\u039a.\u03a5. \u039a\u03a5\u0398\u0397\u03a1\u03a9\u039d","url":"https:\/\/gnk.gov.gr\/","logo":{"@type":"ImageObject","inLanguage":"el","@id":"https:\/\/gnk.gov.gr\/#\/schema\/logo\/image\/","url":"https:\/\/gnk.gov.gr\/wp-content\/uploads\/2018\/08\/cropped-admin-ajax.png","contentUrl":"https:\/\/gnk.gov.gr\/wp-content\/uploads\/2018\/08\/cropped-admin-ajax.png","width":370,"height":85,"caption":"\u0393.\u039d.-\u039a.\u03a5. \u039a\u03a5\u0398\u0397\u03a1\u03a9\u039d"},"image":{"@id":"https:\/\/gnk.gov.gr\/#\/schema\/logo\/image\/"}}]}},"_links":{"self":[{"href":"https:\/\/gnk.gov.gr\/fr\/wp-json\/wp\/v2\/pages\/280","targetHints":{"allow":["GET"]}}],"collection":[{"href":"https:\/\/gnk.gov.gr\/fr\/wp-json\/wp\/v2\/pages"}],"about":[{"href":"https:\/\/gnk.gov.gr\/fr\/wp-json\/wp\/v2\/types\/page"}],"author":[{"embeddable":true,"href":"https:\/\/gnk.gov.gr\/fr\/wp-json\/wp\/v2\/users\/1"}],"replies":[{"embeddable":true,"href":"https:\/\/gnk.gov.gr\/fr\/wp-json\/wp\/v2\/comments?post=280"}],"version-history":[{"count":14,"href":"https:\/\/gnk.gov.gr\/fr\/wp-json\/wp\/v2\/pages\/280\/revisions"}],"predecessor-version":[{"id":554,"href":"https:\/\/gnk.gov.gr\/fr\/wp-json\/wp\/v2\/pages\/280\/revisions\/554"}],"up":[{"embeddable":true,"href":"https:\/\/gnk.gov.gr\/fr\/wp-json\/wp\/v2\/pages\/279"}],"wp:attachment":[{"href":"https:\/\/gnk.gov.gr\/fr\/wp-json\/wp\/v2\/media?parent=280"}],"curies":[{"name":"wp","href":"https:\/\/api.w.org\/{rel}","templated":true}]}}