{"id":277,"date":"2018-08-06T11:29:55","date_gmt":"2018-08-06T09:29:55","guid":{"rendered":"http:\/\/www.gnk.gov.gr\/?page_id=277"},"modified":"2018-08-20T12:04:09","modified_gmt":"2018-08-20T10:04:09","slug":"n-triffylis","status":"publish","type":"page","link":"https:\/\/gnk.gov.gr\/fr\/about\/n-triffylis\/","title":{"rendered":"Le Grand Bienfaiteur - N. Trifyllis"},"content":{"rendered":"<h1 style=\"text-align: center;\"><strong>Nikolaos Trifyllis, le Grand Bienfaiteur<\/strong><\/h1>\n<p>&nbsp;<\/p>\n<p>&nbsp;<\/p>\n<p style=\"text-align: center;\"><img loading=\"lazy\" decoding=\"async\" class=\"aligncenter size-full wp-image-336\" src=\"https:\/\/www.gnk.gov.gr\/wp-content\/uploads\/2018\/08\/5.jpg\" alt=\"\" width=\"650\" height=\"433\" srcset=\"https:\/\/gnk.gov.gr\/wp-content\/uploads\/2018\/08\/5.jpg 650w, https:\/\/gnk.gov.gr\/wp-content\/uploads\/2018\/08\/5-300x200.jpg 300w\" sizes=\"auto, (max-width: 650px) 100vw, 650px\" \/><\/p>\n<p>&nbsp;<\/p>\n<p>&nbsp;<\/p>\n<p style=\"text-align: center;\">Nikolaos Trifyllis \u00e9tait l\u2019un des plus grands bienfaiteurs de la soci\u00e9t\u00e9 cyth\u00e9rienne. Il est n\u00e9 en 1873, dans le village de Trifyllianika, Cyth\u00e8re. Face aux difficult\u00e9s \u00e9conomiques de sa famille, Nikolaos Trifyllis a quitt\u00e9 l\u2019\u00eele tr\u00e8s jeune, \u00e0 la recherche d\u2019une vie meilleure. Il a d\u00e9m\u00e9nag\u00e9 au Pir\u00e9e, et plus tard \u00e0 Ath\u00e8nes, o\u00f9 il a travaill\u00e9 dur et avec pers\u00e9v\u00e9rance. Il a r\u00e9ussi, en tr\u00e8s peu de temps, \u00e0 devenir un homme d\u2019affaires prosp\u00e8re. Au 5, rue Themistokleous \u00e0 Ath\u00e8nes, il lance son restaurant Sidrivani (Fontaine), qui devient populaire dans toute la ville. Avant m\u00eame d\u2019avoir 30 ans, Nikolaos \u00e9tait d\u00e9j\u00e0 devenu le restaurateur le plus prosp\u00e8re d\u2019Ath\u00e8nes.<\/p>\n<p>&nbsp;<\/p>\n<p style=\"text-align: center;\"><strong>a vie humble et d\u00e9cente de Nikolaos Trifyllis<\/strong><\/p>\n<p>&nbsp;<\/p>\n<p style=\"text-align: center;\">Au d\u00e9but des guerres des Balkans en 1912, Nikolaos Trifyllis s\u2019engage volontairement dans l\u2019arm\u00e9e. Pour son courage, sa contribution et sa loyaut\u00e9 envers le pays, il a \u00e9t\u00e9 d\u00e9cor\u00e9 par le commandant supr\u00eame et prince h\u00e9ritier Constantin. Et malgr\u00e9 son immense fortune, il resta humble et modeste: il passa sa vie dans un demi sous-sol pr\u00e8s du Mus\u00e9e arch\u00e9ologique national d\u2019Ath\u00e8nes, sans c\u00e9der au luxe et aux extravagances de l\u2019\u00e9lite. Selon son ami et homme politique Yannis Kontoleon, Nikolaos Trifyllis \u00e9tait un v\u00e9ritable asc\u00e8te. Ses amis et parents les plus porches connaissaient bien ses \u0153uvres de bienfaisance et ses contributions \u00e0 la soci\u00e9t\u00e9. Pendant les guerres des Balkans, il a \u00e9t\u00e9 fait r\u00e9f\u00e9rence aux \u00e9normes sommes d\u2019argent qu\u2019il a donn\u00e9es \u00e0 l\u2019\u00c9tat grec pour couvrir les besoins militaires. En g\u00e9n\u00e9ral, Nikolaos Trifyllis a toujours contribu\u00e9 \u00e0 des \u0153uvres caritatives et aid\u00e9 ceux qui en avaient besoin. Il a \u00e9galement soutenu financi\u00e8rement tous les jeunes Cyth\u00e9riens qui travaillaient dur et qui n\u2019avaient pas les moyens de payer leurs \u00e9tudes.<\/p>\n<p>&nbsp;<\/p>\n<p style=\"text-align: center;\"><strong>La vision<\/strong><\/p>\n<p>&nbsp;<\/p>\n<p style=\"text-align: center;\">La plus grande vision de Nikolaos Trifyllis \u00e9tait la construction d\u2019un h\u00f4pital bien organis\u00e9 et enti\u00e8rement \u00e9quip\u00e9 sur l\u2019\u00eele. C\u2019est pourquoi, en 1948, il r\u00e9dige son testament selon lequel il fait don \u00e0 titre posthume de tous ses biens \u00e0 une fondation sous le nom de The Trifylleion Hospital. Son testament \u00e9num\u00e8re tous les termes et conditions pour la construction de l\u2019h\u00f4pital. Pour r\u00e9aliser sa vision, il a mis sur pied un comit\u00e9 de collecte de fonds. Le Comit\u00e9 a \u00e9galement relay\u00e9 la route principale de l\u2019\u00eele, pour faciliter les services d\u2019ambulance. Le 8 novembre 1951, avec Michael Semitekolos, il nomma les membres du Comit\u00e9 de collecte de fonds et fit officiellement don de son restaurant Sidrivani au Comit\u00e9 pour l\u2019entretien de l\u2019h\u00f4pital. Beaucoup d\u2019autres Cyth\u00e9riens ont suivi son exemple en faisant don d\u2019importants biens mobiliers et immobiliers sur le territoire grec et \u00e0 l\u2019\u00e9tranger.<\/p>\n<p>&nbsp;<\/p>\n<p style=\"text-align: center;\"><strong>Il est d\u00e9c\u00e9d\u00e9 peu avant la fin des travaux de construction de l\u2019h\u00f4pital.<\/strong><\/p>\n<p>&nbsp;<\/p>\n<p style=\"text-align: center;\">Malheureusement, Nikolaos Trifyllis n\u2019a jamais vu sa vision se r\u00e9aliser. Il est d\u00e9c\u00e9d\u00e9 le 20 mai 1955, huit jours apr\u00e8s avoir \u00e9t\u00e9 victime d\u2019une crise cardiaque. Un an plus tard, le 21 mai 1956, l\u2019h\u00f4pital fut inaugur\u00e9.<\/p>\n<p>&nbsp;<\/p>\n<hr \/>\n<p><a href=\"https:\/\/visitkythera.com\/el\/nikolaos-trifyllis\/\"><strong>Source<\/strong><\/a><\/p>","protected":false},"excerpt":{"rendered":"<p>\u039d\u03b9\u03ba\u03cc\u03bb\u03b1\u03bf\u03c2 \u03a4\u03c1\u03b9\u03c6\u03cd\u03bb\u03bb\u03b7\u03c2, \u03bf \u039c\u03b5\u03b3\u03ac\u03bb\u03bf\u03c2 \u0395\u03c5\u03b5\u03c1\u03b3\u03ad\u03c4\u03b7\u03c2 &nbsp; &nbsp; &nbsp; &nbsp; \u039f \u039d\u03b9\u03ba\u03cc\u03bb\u03b1\u03bf\u03c2 \u03a4\u03c1\u03b9\u03c6\u03cd\u03bb\u03bb\u03b7\u03c2 \u03ae\u03c4\u03b1\u03bd \u03ad\u03bd\u03b1\u03c2 \u03b1\u03c0\u03cc \u03c4\u03bf\u03c5\u03c2 \u03bc\u03b5\u03b3\u03ac\u03bb\u03bf\u03c5\u03c2 \u03b5\u03c5\u03b5\u03c1\u03b3\u03ad\u03c4\u03b5\u03c2 \u03c4\u03b7\u03c2 \u03ba\u03c5\u03b8\u03b7\u03c1\u03b1\u03ca\u03ba\u03ae\u03c2 \u03ba\u03bf\u03b9\u03bd\u03c9\u03bd\u03af\u03b1\u03c2. \u0393\u03b5\u03bd\u03bd\u03ae\u03b8\u03b7\u03ba\u03b5 \u03c3\u03c4\u03b1 \u03a4\u03c1\u03b9\u03c6\u03c5\u03bb\u03bb\u03b9\u03ac\u03bd\u03b9\u03ba\u03b1 \u03c4\u03c9\u03bd \u039a\u03c5\u03b8\u03ae\u03c1\u03c9\u03bd \u03c4\u03bf 1873. \u0393\u03cc\u03bd\u03bf\u03c2 \u03c0\u03bf\u03bb\u03cd \u03c6\u03c4\u03c9\u03c7\u03ae\u03c2 \u03bf\u03b9\u03ba\u03bf\u03b3\u03ad\u03bd\u03b5\u03b9\u03b1\u03c2, \u03bf \u03a4\u03c1\u03b9\u03c6\u03cd\u03bb\u03bb\u03b7\u03c2 \u03ad\u03c6\u03c5\u03b3\u03b5 \u03b1\u03c0\u03cc \u03c4\u03b1 \u039a\u03cd\u03b8\u03b7\u03c1\u03b1 \u03c3\u03b5 \u03c0\u03b1\u03b9\u03b4\u03b9\u03ba\u03ae \u03b1\u03ba\u03cc\u03bc\u03b7 \u03b7\u03bb\u03b9\u03ba\u03af\u03b1, \u03b3\u03b9\u03b1 \u03bd\u03b1 \u03b2\u03c1\u03b5\u03b9 \u03ba\u03ac\u03c0\u03bf\u03b9\u03b1 \u03b5\u03c5\u03ba\u03b1\u03b9\u03c1\u03af\u03b1 \u03b3\u03b9\u03b1 \u03ba\u03b1\u03bb\u03cd\u03c4\u03b5\u03c1\u03b7 \u03b6\u03c9\u03ae. \u03a0\u03ae\u03b3\u03b5 \u03c3\u03c4\u03bf\u03bd \u03a0\u03b5\u03b9\u03c1\u03b1\u03b9\u03ac \u03ba\u03b1\u03b9 \u03b1\u03c1\u03b3\u03cc\u03c4\u03b5\u03c1\u03b1&hellip;<\/p>","protected":false},"author":1,"featured_media":0,"parent":8,"menu_order":1,"comment_status":"closed","ping_status":"closed","template":"","meta":{"footnotes":""},"class_list":["post-277","page","type-page","status-publish","hentry"],"yoast_head":"<!-- This site is optimized with the Yoast SEO plugin v27.0 - https:\/\/yoast.com\/product\/yoast-seo-wordpress\/ -->\n<title>\u0395\u03c5\u03b5\u03c1\u03b3\u03ad\u03c4\u03b7\u03c2 - \u039d. \u03a4\u03c1\u03b9\u03c6\u03cd\u03bb\u03bb\u03b7\u03c2 - \u0393.\u039d.-\u039a.\u03a5. \u039a\u03a5\u0398\u0397\u03a1\u03a9\u039d<\/title>\n<meta name=\"robots\" content=\"index, follow, max-snippet:-1, max-image-preview:large, max-video-preview:-1\" \/>\n<link rel=\"canonical\" href=\"https:\/\/gnk.gov.gr\/fr\/about\/n-triffylis\/\" \/>\n<meta property=\"og:locale\" content=\"fr_FR\" \/>\n<meta property=\"og:locale:alternate\" content=\"en_US\" \/>\n<meta property=\"og:locale:alternate\" content=\"de_DE\" \/>\n<meta property=\"og:type\" content=\"article\" \/>\n<meta property=\"og:title\" content=\"\u0395\u03c5\u03b5\u03c1\u03b3\u03ad\u03c4\u03b7\u03c2 - \u039d. \u03a4\u03c1\u03b9\u03c6\u03cd\u03bb\u03bb\u03b7\u03c2 - \u0393.\u039d.-\u039a.\u03a5. \u039a\u03a5\u0398\u0397\u03a1\u03a9\u039d\" \/>\n<meta property=\"og:description\" content=\"\u039d\u03b9\u03ba\u03cc\u03bb\u03b1\u03bf\u03c2 \u03a4\u03c1\u03b9\u03c6\u03cd\u03bb\u03bb\u03b7\u03c2, \u03bf \u039c\u03b5\u03b3\u03ac\u03bb\u03bf\u03c2 \u0395\u03c5\u03b5\u03c1\u03b3\u03ad\u03c4\u03b7\u03c2 &nbsp; &nbsp; &nbsp; &nbsp; \u039f \u039d\u03b9\u03ba\u03cc\u03bb\u03b1\u03bf\u03c2 \u03a4\u03c1\u03b9\u03c6\u03cd\u03bb\u03bb\u03b7\u03c2 \u03ae\u03c4\u03b1\u03bd \u03ad\u03bd\u03b1\u03c2 \u03b1\u03c0\u03cc \u03c4\u03bf\u03c5\u03c2 \u03bc\u03b5\u03b3\u03ac\u03bb\u03bf\u03c5\u03c2 \u03b5\u03c5\u03b5\u03c1\u03b3\u03ad\u03c4\u03b5\u03c2 \u03c4\u03b7\u03c2 \u03ba\u03c5\u03b8\u03b7\u03c1\u03b1\u03ca\u03ba\u03ae\u03c2 \u03ba\u03bf\u03b9\u03bd\u03c9\u03bd\u03af\u03b1\u03c2. \u0393\u03b5\u03bd\u03bd\u03ae\u03b8\u03b7\u03ba\u03b5 \u03c3\u03c4\u03b1 \u03a4\u03c1\u03b9\u03c6\u03c5\u03bb\u03bb\u03b9\u03ac\u03bd\u03b9\u03ba\u03b1 \u03c4\u03c9\u03bd \u039a\u03c5\u03b8\u03ae\u03c1\u03c9\u03bd \u03c4\u03bf 1873. \u0393\u03cc\u03bd\u03bf\u03c2 \u03c0\u03bf\u03bb\u03cd \u03c6\u03c4\u03c9\u03c7\u03ae\u03c2 \u03bf\u03b9\u03ba\u03bf\u03b3\u03ad\u03bd\u03b5\u03b9\u03b1\u03c2, \u03bf \u03a4\u03c1\u03b9\u03c6\u03cd\u03bb\u03bb\u03b7\u03c2 \u03ad\u03c6\u03c5\u03b3\u03b5 \u03b1\u03c0\u03cc \u03c4\u03b1 \u039a\u03cd\u03b8\u03b7\u03c1\u03b1 \u03c3\u03b5 \u03c0\u03b1\u03b9\u03b4\u03b9\u03ba\u03ae \u03b1\u03ba\u03cc\u03bc\u03b7 \u03b7\u03bb\u03b9\u03ba\u03af\u03b1, \u03b3\u03b9\u03b1 \u03bd\u03b1 \u03b2\u03c1\u03b5\u03b9 \u03ba\u03ac\u03c0\u03bf\u03b9\u03b1 \u03b5\u03c5\u03ba\u03b1\u03b9\u03c1\u03af\u03b1 \u03b3\u03b9\u03b1 \u03ba\u03b1\u03bb\u03cd\u03c4\u03b5\u03c1\u03b7 \u03b6\u03c9\u03ae. \u03a0\u03ae\u03b3\u03b5 \u03c3\u03c4\u03bf\u03bd \u03a0\u03b5\u03b9\u03c1\u03b1\u03b9\u03ac \u03ba\u03b1\u03b9 \u03b1\u03c1\u03b3\u03cc\u03c4\u03b5\u03c1\u03b1&hellip;\" \/>\n<meta property=\"og:url\" content=\"https:\/\/gnk.gov.gr\/fr\/about\/n-triffylis\/\" \/>\n<meta property=\"og:site_name\" content=\"\u0393.\u039d.-\u039a.\u03a5. \u039a\u03a5\u0398\u0397\u03a1\u03a9\u039d\" \/>\n<meta property=\"article:modified_time\" content=\"2018-08-20T10:04:09+00:00\" \/>\n<meta property=\"og:image\" content=\"https:\/\/www.gnk.gov.gr\/wp-content\/uploads\/2018\/08\/5.jpg\" \/>\n<meta name=\"twitter:card\" content=\"summary_large_image\" \/>\n<script type=\"application\/ld+json\" class=\"yoast-schema-graph\">{\"@context\":\"https:\/\/schema.org\",\"@graph\":[{\"@type\":\"WebPage\",\"@id\":\"https:\/\/gnk.gov.gr\/about\/n-triffylis\/\",\"url\":\"https:\/\/gnk.gov.gr\/about\/n-triffylis\/\",\"name\":\"\u0395\u03c5\u03b5\u03c1\u03b3\u03ad\u03c4\u03b7\u03c2 - \u039d. \u03a4\u03c1\u03b9\u03c6\u03cd\u03bb\u03bb\u03b7\u03c2 - \u0393.\u039d.-\u039a.\u03a5. \u039a\u03a5\u0398\u0397\u03a1\u03a9\u039d\",\"isPartOf\":{\"@id\":\"https:\/\/gnk.gov.gr\/#website\"},\"primaryImageOfPage\":{\"@id\":\"https:\/\/gnk.gov.gr\/about\/n-triffylis\/#primaryimage\"},\"image\":{\"@id\":\"https:\/\/gnk.gov.gr\/about\/n-triffylis\/#primaryimage\"},\"thumbnailUrl\":\"https:\/\/www.gnk.gov.gr\/wp-content\/uploads\/2018\/08\/5.jpg\",\"datePublished\":\"2018-08-06T09:29:55+00:00\",\"dateModified\":\"2018-08-20T10:04:09+00:00\",\"breadcrumb\":{\"@id\":\"https:\/\/gnk.gov.gr\/about\/n-triffylis\/#breadcrumb\"},\"inLanguage\":\"el\",\"potentialAction\":[{\"@type\":\"ReadAction\",\"target\":[\"https:\/\/gnk.gov.gr\/about\/n-triffylis\/\"]}]},{\"@type\":\"ImageObject\",\"inLanguage\":\"el\",\"@id\":\"https:\/\/gnk.gov.gr\/about\/n-triffylis\/#primaryimage\",\"url\":\"https:\/\/www.gnk.gov.gr\/wp-content\/uploads\/2018\/08\/5.jpg\",\"contentUrl\":\"https:\/\/www.gnk.gov.gr\/wp-content\/uploads\/2018\/08\/5.jpg\"},{\"@type\":\"BreadcrumbList\",\"@id\":\"https:\/\/gnk.gov.gr\/about\/n-triffylis\/#breadcrumb\",\"itemListElement\":[{\"@type\":\"ListItem\",\"position\":1,\"name\":\"Home\",\"item\":\"https:\/\/gnk.gov.gr\/fr\/\"},{\"@type\":\"ListItem\",\"position\":2,\"name\":\"\u03a4\u03bf \u039d\u03bf\u03c3\u03bf\u03ba\u03bf\u03bc\u03b5\u03af\u03bf\",\"item\":\"https:\/\/gnk.gov.gr\/?page_id=8\"},{\"@type\":\"ListItem\",\"position\":3,\"name\":\"\u0395\u03c5\u03b5\u03c1\u03b3\u03ad\u03c4\u03b7\u03c2 &#8211; \u039d. \u03a4\u03c1\u03b9\u03c6\u03cd\u03bb\u03bb\u03b7\u03c2\"}]},{\"@type\":\"WebSite\",\"@id\":\"https:\/\/gnk.gov.gr\/#website\",\"url\":\"https:\/\/gnk.gov.gr\/\",\"name\":\"\u0393.\u039d.-\u039a.\u03a5. \u039a\u03a5\u0398\u0397\u03a1\u03a9\u039d\",\"description\":\"\\\"\u03a4\u03a1\u0399\u03a6\u03a5\u039b\u039b\u0395\u0399\u039f\\\"\",\"publisher\":{\"@id\":\"https:\/\/gnk.gov.gr\/#organization\"},\"potentialAction\":[{\"@type\":\"SearchAction\",\"target\":{\"@type\":\"EntryPoint\",\"urlTemplate\":\"https:\/\/gnk.gov.gr\/?s={search_term_string}\"},\"query-input\":{\"@type\":\"PropertyValueSpecification\",\"valueRequired\":true,\"valueName\":\"search_term_string\"}}],\"inLanguage\":\"el\"},{\"@type\":\"Organization\",\"@id\":\"https:\/\/gnk.gov.gr\/#organization\",\"name\":\"\u0393.\u039d.-\u039a.\u03a5. \u039a\u03a5\u0398\u0397\u03a1\u03a9\u039d\",\"url\":\"https:\/\/gnk.gov.gr\/\",\"logo\":{\"@type\":\"ImageObject\",\"inLanguage\":\"el\",\"@id\":\"https:\/\/gnk.gov.gr\/#\/schema\/logo\/image\/\",\"url\":\"https:\/\/gnk.gov.gr\/wp-content\/uploads\/2018\/08\/cropped-admin-ajax.png\",\"contentUrl\":\"https:\/\/gnk.gov.gr\/wp-content\/uploads\/2018\/08\/cropped-admin-ajax.png\",\"width\":370,\"height\":85,\"caption\":\"\u0393.\u039d.-\u039a.\u03a5. \u039a\u03a5\u0398\u0397\u03a1\u03a9\u039d\"},\"image\":{\"@id\":\"https:\/\/gnk.gov.gr\/#\/schema\/logo\/image\/\"}}]}<\/script>\n<!-- \/ Yoast SEO plugin. -->","yoast_head_json":{"title":"\u0395\u03c5\u03b5\u03c1\u03b3\u03ad\u03c4\u03b7\u03c2 - \u039d. \u03a4\u03c1\u03b9\u03c6\u03cd\u03bb\u03bb\u03b7\u03c2 - \u0393.\u039d.-\u039a.\u03a5. \u039a\u03a5\u0398\u0397\u03a1\u03a9\u039d","robots":{"index":"index","follow":"follow","max-snippet":"max-snippet:-1","max-image-preview":"max-image-preview:large","max-video-preview":"max-video-preview:-1"},"canonical":"https:\/\/gnk.gov.gr\/fr\/about\/n-triffylis\/","og_locale":"fr_FR","og_type":"article","og_title":"\u0395\u03c5\u03b5\u03c1\u03b3\u03ad\u03c4\u03b7\u03c2 - \u039d. \u03a4\u03c1\u03b9\u03c6\u03cd\u03bb\u03bb\u03b7\u03c2 - \u0393.\u039d.-\u039a.\u03a5. \u039a\u03a5\u0398\u0397\u03a1\u03a9\u039d","og_description":"\u039d\u03b9\u03ba\u03cc\u03bb\u03b1\u03bf\u03c2 \u03a4\u03c1\u03b9\u03c6\u03cd\u03bb\u03bb\u03b7\u03c2, \u03bf \u039c\u03b5\u03b3\u03ac\u03bb\u03bf\u03c2 \u0395\u03c5\u03b5\u03c1\u03b3\u03ad\u03c4\u03b7\u03c2 &nbsp; &nbsp; &nbsp; &nbsp; \u039f \u039d\u03b9\u03ba\u03cc\u03bb\u03b1\u03bf\u03c2 \u03a4\u03c1\u03b9\u03c6\u03cd\u03bb\u03bb\u03b7\u03c2 \u03ae\u03c4\u03b1\u03bd \u03ad\u03bd\u03b1\u03c2 \u03b1\u03c0\u03cc \u03c4\u03bf\u03c5\u03c2 \u03bc\u03b5\u03b3\u03ac\u03bb\u03bf\u03c5\u03c2 \u03b5\u03c5\u03b5\u03c1\u03b3\u03ad\u03c4\u03b5\u03c2 \u03c4\u03b7\u03c2 \u03ba\u03c5\u03b8\u03b7\u03c1\u03b1\u03ca\u03ba\u03ae\u03c2 \u03ba\u03bf\u03b9\u03bd\u03c9\u03bd\u03af\u03b1\u03c2. \u0393\u03b5\u03bd\u03bd\u03ae\u03b8\u03b7\u03ba\u03b5 \u03c3\u03c4\u03b1 \u03a4\u03c1\u03b9\u03c6\u03c5\u03bb\u03bb\u03b9\u03ac\u03bd\u03b9\u03ba\u03b1 \u03c4\u03c9\u03bd \u039a\u03c5\u03b8\u03ae\u03c1\u03c9\u03bd \u03c4\u03bf 1873. \u0393\u03cc\u03bd\u03bf\u03c2 \u03c0\u03bf\u03bb\u03cd \u03c6\u03c4\u03c9\u03c7\u03ae\u03c2 \u03bf\u03b9\u03ba\u03bf\u03b3\u03ad\u03bd\u03b5\u03b9\u03b1\u03c2, \u03bf \u03a4\u03c1\u03b9\u03c6\u03cd\u03bb\u03bb\u03b7\u03c2 \u03ad\u03c6\u03c5\u03b3\u03b5 \u03b1\u03c0\u03cc \u03c4\u03b1 \u039a\u03cd\u03b8\u03b7\u03c1\u03b1 \u03c3\u03b5 \u03c0\u03b1\u03b9\u03b4\u03b9\u03ba\u03ae \u03b1\u03ba\u03cc\u03bc\u03b7 \u03b7\u03bb\u03b9\u03ba\u03af\u03b1, \u03b3\u03b9\u03b1 \u03bd\u03b1 \u03b2\u03c1\u03b5\u03b9 \u03ba\u03ac\u03c0\u03bf\u03b9\u03b1 \u03b5\u03c5\u03ba\u03b1\u03b9\u03c1\u03af\u03b1 \u03b3\u03b9\u03b1 \u03ba\u03b1\u03bb\u03cd\u03c4\u03b5\u03c1\u03b7 \u03b6\u03c9\u03ae. \u03a0\u03ae\u03b3\u03b5 \u03c3\u03c4\u03bf\u03bd \u03a0\u03b5\u03b9\u03c1\u03b1\u03b9\u03ac \u03ba\u03b1\u03b9 \u03b1\u03c1\u03b3\u03cc\u03c4\u03b5\u03c1\u03b1&hellip;","og_url":"https:\/\/gnk.gov.gr\/fr\/about\/n-triffylis\/","og_site_name":"\u0393.\u039d.-\u039a.\u03a5. \u039a\u03a5\u0398\u0397\u03a1\u03a9\u039d","article_modified_time":"2018-08-20T10:04:09+00:00","og_image":[{"url":"https:\/\/www.gnk.gov.gr\/wp-content\/uploads\/2018\/08\/5.jpg","type":"","width":"","height":""}],"twitter_card":"summary_large_image","schema":{"@context":"https:\/\/schema.org","@graph":[{"@type":"WebPage","@id":"https:\/\/gnk.gov.gr\/about\/n-triffylis\/","url":"https:\/\/gnk.gov.gr\/about\/n-triffylis\/","name":"\u0395\u03c5\u03b5\u03c1\u03b3\u03ad\u03c4\u03b7\u03c2 - \u039d. \u03a4\u03c1\u03b9\u03c6\u03cd\u03bb\u03bb\u03b7\u03c2 - \u0393.\u039d.-\u039a.\u03a5. \u039a\u03a5\u0398\u0397\u03a1\u03a9\u039d","isPartOf":{"@id":"https:\/\/gnk.gov.gr\/#website"},"primaryImageOfPage":{"@id":"https:\/\/gnk.gov.gr\/about\/n-triffylis\/#primaryimage"},"image":{"@id":"https:\/\/gnk.gov.gr\/about\/n-triffylis\/#primaryimage"},"thumbnailUrl":"https:\/\/www.gnk.gov.gr\/wp-content\/uploads\/2018\/08\/5.jpg","datePublished":"2018-08-06T09:29:55+00:00","dateModified":"2018-08-20T10:04:09+00:00","breadcrumb":{"@id":"https:\/\/gnk.gov.gr\/about\/n-triffylis\/#breadcrumb"},"inLanguage":"el","potentialAction":[{"@type":"ReadAction","target":["https:\/\/gnk.gov.gr\/about\/n-triffylis\/"]}]},{"@type":"ImageObject","inLanguage":"el","@id":"https:\/\/gnk.gov.gr\/about\/n-triffylis\/#primaryimage","url":"https:\/\/www.gnk.gov.gr\/wp-content\/uploads\/2018\/08\/5.jpg","contentUrl":"https:\/\/www.gnk.gov.gr\/wp-content\/uploads\/2018\/08\/5.jpg"},{"@type":"BreadcrumbList","@id":"https:\/\/gnk.gov.gr\/about\/n-triffylis\/#breadcrumb","itemListElement":[{"@type":"ListItem","position":1,"name":"Home","item":"https:\/\/gnk.gov.gr\/fr\/"},{"@type":"ListItem","position":2,"name":"\u03a4\u03bf \u039d\u03bf\u03c3\u03bf\u03ba\u03bf\u03bc\u03b5\u03af\u03bf","item":"https:\/\/gnk.gov.gr\/?page_id=8"},{"@type":"ListItem","position":3,"name":"\u0395\u03c5\u03b5\u03c1\u03b3\u03ad\u03c4\u03b7\u03c2 &#8211; \u039d. \u03a4\u03c1\u03b9\u03c6\u03cd\u03bb\u03bb\u03b7\u03c2"}]},{"@type":"WebSite","@id":"https:\/\/gnk.gov.gr\/#website","url":"https:\/\/gnk.gov.gr\/","name":"\u0393.\u039d.-\u039a.\u03a5. \u039a\u03a5\u0398\u0397\u03a1\u03a9\u039d","description":"\"\\u03a4\\u03a1\\u0399\\u03a6\\u03a5\\u039b\\u039b\\u0395\\u0399\\u039f\"","publisher":{"@id":"https:\/\/gnk.gov.gr\/#organization"},"potentialAction":[{"@type":"SearchAction","target":{"@type":"EntryPoint","urlTemplate":"https:\/\/gnk.gov.gr\/?s={search_term_string}"},"query-input":{"@type":"PropertyValueSpecification","valueRequired":true,"valueName":"search_term_string"}}],"inLanguage":"el"},{"@type":"Organization","@id":"https:\/\/gnk.gov.gr\/#organization","name":"\u0393.\u039d.-\u039a.\u03a5. \u039a\u03a5\u0398\u0397\u03a1\u03a9\u039d","url":"https:\/\/gnk.gov.gr\/","logo":{"@type":"ImageObject","inLanguage":"el","@id":"https:\/\/gnk.gov.gr\/#\/schema\/logo\/image\/","url":"https:\/\/gnk.gov.gr\/wp-content\/uploads\/2018\/08\/cropped-admin-ajax.png","contentUrl":"https:\/\/gnk.gov.gr\/wp-content\/uploads\/2018\/08\/cropped-admin-ajax.png","width":370,"height":85,"caption":"\u0393.\u039d.-\u039a.\u03a5. \u039a\u03a5\u0398\u0397\u03a1\u03a9\u039d"},"image":{"@id":"https:\/\/gnk.gov.gr\/#\/schema\/logo\/image\/"}}]}},"_links":{"self":[{"href":"https:\/\/gnk.gov.gr\/fr\/wp-json\/wp\/v2\/pages\/277","targetHints":{"allow":["GET"]}}],"collection":[{"href":"https:\/\/gnk.gov.gr\/fr\/wp-json\/wp\/v2\/pages"}],"about":[{"href":"https:\/\/gnk.gov.gr\/fr\/wp-json\/wp\/v2\/types\/page"}],"author":[{"embeddable":true,"href":"https:\/\/gnk.gov.gr\/fr\/wp-json\/wp\/v2\/users\/1"}],"replies":[{"embeddable":true,"href":"https:\/\/gnk.gov.gr\/fr\/wp-json\/wp\/v2\/comments?post=277"}],"version-history":[{"count":17,"href":"https:\/\/gnk.gov.gr\/fr\/wp-json\/wp\/v2\/pages\/277\/revisions"}],"predecessor-version":[{"id":612,"href":"https:\/\/gnk.gov.gr\/fr\/wp-json\/wp\/v2\/pages\/277\/revisions\/612"}],"up":[{"embeddable":true,"href":"https:\/\/gnk.gov.gr\/fr\/wp-json\/wp\/v2\/pages\/8"}],"wp:attachment":[{"href":"https:\/\/gnk.gov.gr\/fr\/wp-json\/wp\/v2\/media?parent=277"}],"curies":[{"name":"wp","href":"https:\/\/api.w.org\/{rel}","templated":true}]}}